{"id":1233,"date":"2020-11-15T10:59:39","date_gmt":"2020-11-15T09:59:39","guid":{"rendered":"https:\/\/www.heropainting.eu\/?post_type=product&#038;p=1233"},"modified":"2020-11-15T11:09:52","modified_gmt":"2020-11-15T10:09:52","slug":"girl-with-a-pearl-earring","status":"publish","type":"product","link":"https:\/\/www.heropainting.eu\/sk\/obrazy\/girl-with-a-pearl-earring\/","title":{"rendered":"Girl with a Pearl Earring"},"content":{"rendered":"<!--themify_builder_content-->\n<div id=\"themify_builder_content-1233\" data-postid=\"1233\" class=\"themify_builder_content themify_builder_content-1233 themify_builder tf_clear\">\n                    <div  data-lazy=\"1\" class=\"module_row themify_builder_row tb_vute591 tb_first tf_w\">\n                        <div class=\"row_inner col_align_top tb_col_count_1 tf_box tf_rel\">\n                        <div  data-lazy=\"1\" class=\"module_column tb-column col-full tb_buvh595 first\">\n                    <!-- module text -->\n<div  class=\"module module-text tb_fqw9556   \" data-lazy=\"1\">\n        <div  class=\"tb_text_wrap\">\n        <p><span style=\"font-weight: 400;\">Portr\u00e9t gr\u00f3fky d&#8217;Haussonville je olejoma\u013eba na pl\u00e1tne, ktor\u00fd nama\u013eoval <\/span><a href=\"https:\/\/en.wikipedia.org\/wiki\/Neoclassicism\" target=\"_blank\" rel=\"noopener\"><span style=\"font-weight: 400;\">neoklasicistick<\/span><\/a><span style=\"font-weight: 400;\">\u00fd umelec <\/span><a href=\"https:\/\/en.wikipedia.org\/wiki\/Jean-Auguste-Dominique_Ingres\" target=\"_blank\" rel=\"noopener\"><span style=\"font-weight: 400;\">Jean-Auguste-Dominique Ingres<\/span><\/a><span style=\"font-weight: 400;\">. Obraz je jednou z m\u00e1la portr\u00e9tov\u00fdch komisi\u00ed, ktor\u00e9 Ingres v tom \u010dase prijal, preto\u017ee sa viac zauj\u00edmal o neoklasicistick\u00fa tematiku, ktor\u00e1 bola na jeho frustr\u00e1ciu ove\u013ea menej lukrat\u00edvnym zdrojom pr\u00edjmu ako portr\u00e9tna tvorba. V\u010faka Hero Paiting m\u00f4\u017ee by\u0165 aj va\u0161a tv\u00e1r na tomto majstrovskom diele.<\/span><\/p>\n<p>\u00a0<\/p>\n<h2><b>O autorovi:<\/b><\/h2>\n<p><span style=\"font-weight: 400;\">Jean Auguste Dominique Ingres (<\/span><a href=\"https:\/\/sk.wikipedia.org\/wiki\/1780\" target=\"_blank\" rel=\"noopener\"><span style=\"font-weight: 400;\">1780<\/span><\/a><span style=\"font-weight: 400;\">&#8211;<\/span><a href=\"https:\/\/sk.wikipedia.org\/wiki\/1867\" target=\"_blank\" rel=\"noopener\"><span style=\"font-weight: 400;\">1867<\/span><\/a><span style=\"font-weight: 400;\">) bol franc\u00fazsky maliar, ved\u00faci predstavite\u013e neoklasicizmu v ma\u013ebe. Pova\u017eoval sa za maliara historick\u00fdch v\u00fdjavov, za jeho najv\u00fdznamnej\u0161\u00ed odkaz dodnes s\u00fa pova\u017eovan\u00e9 najm\u00e4 jeho portr\u00e9ty. Ingres bol vynikaj\u00faci maliar a dok\u00e1zal vo svojich portr\u00e9toch dokonale vystihn\u00fa\u0165 osobnos\u0165 svojich modelov. Kresby mu sl\u00fa\u017eili pov\u00e4\u010d\u0161inou ako pr\u00edpravn\u00e9 \u0161t\u00fadie k obrazom, ale niektor\u00e9 predstavuj\u00fa svojpr\u00e1vne majstrovsk\u00e9 diela.\u00a0<\/span><\/p>    <\/div>\n<\/div>\n<!-- \/module text -->        <\/div>\n                        <\/div>\n        <\/div>\n        <\/div>\n<!--\/themify_builder_content-->","protected":false},"excerpt":{"rendered":"<p>\ud83d\udc68\u200d\ud83c\udfa8 Artist: <a title=\"\" href=\"https:\/\/en.wikipedia.org\/wiki\/Johannes_Vermeer\">Johannes Vermeer<\/a><br \/>\n\ud83d\uddbc\ufe0f Original Dimensions: 44.5\u00a0cm \u00d7\u00a039\u00a0cm (17.5\u00a0in \u00d7\u00a015\u00a0in)<br \/>\n\ud83d\udcc5 Created: 1665<br \/>\n\u200e\u200d\ud83c\udfa8 Original type: Oil on canvas<br \/>\n<b>\ud83d\udc7e <\/b>Period: Dutch Golden Age painting<br \/>\n\ud83d\udccd Locations of original: Mauritshuis, The Hague, Netherlands<\/p>\n","protected":false},"featured_media":1234,"comment_status":"open","ping_status":"closed","template":"","meta":[],"product_brand":[],"product_cat":[60],"product_tag":[],"class_list":{"0":"post-1233","1":"product","2":"type-product","3":"status-publish","4":"has-post-thumbnail","6":"product_cat-women-sk","7":"has-post-title","8":"has-post-date","9":"has-post-category","10":"has-post-tag","11":"has-post-comment","12":"has-post-author","13":"","15":"first","16":"instock","17":"sale","18":"shipping-taxable","19":"purchasable","20":"product-type-variable","21":"has-default-attributes"},"builder_content":"<p>Portr\u00e9t gr\u00f3fky d'Haussonville je olejoma\u013eba na pl\u00e1tne, ktor\u00fd nama\u013eoval <a href=\"https:\/\/en.wikipedia.org\/wiki\/Neoclassicism\">neoklasicistick<\/a>\u00fd umelec <a href=\"https:\/\/en.wikipedia.org\/wiki\/Jean-Auguste-Dominique_Ingres\">Jean-Auguste-Dominique Ingres<\/a>. Obraz je jednou z m\u00e1la portr\u00e9tov\u00fdch komisi\u00ed, ktor\u00e9 Ingres v tom \u010dase prijal, preto\u017ee sa viac zauj\u00edmal o neoklasicistick\u00fa tematiku, ktor\u00e1 bola na jeho frustr\u00e1ciu ove\u013ea menej lukrat\u00edvnym zdrojom pr\u00edjmu ako portr\u00e9tna tvorba. V\u010faka Hero Paiting m\u00f4\u017ee by\u0165 aj va\u0161a tv\u00e1r na tomto majstrovskom diele.<\/p> <p>\u00a0<\/p> <h2><b>O autorovi:<\/b><\/h2> <p>Jean Auguste Dominique Ingres (<a href=\"https:\/\/sk.wikipedia.org\/wiki\/1780\">1780<\/a>-<a href=\"https:\/\/sk.wikipedia.org\/wiki\/1867\">1867<\/a>) bol franc\u00fazsky maliar, ved\u00faci predstavite\u013e neoklasicizmu v ma\u013ebe. Pova\u017eoval sa za maliara historick\u00fdch v\u00fdjavov, za jeho najv\u00fdznamnej\u0161\u00ed odkaz dodnes s\u00fa pova\u017eovan\u00e9 najm\u00e4 jeho portr\u00e9ty. Ingres bol vynikaj\u00faci maliar a dok\u00e1zal vo svojich portr\u00e9toch dokonale vystihn\u00fa\u0165 osobnos\u0165 svojich modelov. Kresby mu sl\u00fa\u017eili pov\u00e4\u010d\u0161inou ako pr\u00edpravn\u00e9 \u0161t\u00fadie k obrazom, ale niektor\u00e9 predstavuj\u00fa svojpr\u00e1vne majstrovsk\u00e9 diela.\u00a0<\/p>","_links":{"self":[{"href":"https:\/\/www.heropainting.eu\/sk\/wp-json\/wp\/v2\/product\/1233"}],"collection":[{"href":"https:\/\/www.heropainting.eu\/sk\/wp-json\/wp\/v2\/product"}],"about":[{"href":"https:\/\/www.heropainting.eu\/sk\/wp-json\/wp\/v2\/types\/product"}],"replies":[{"embeddable":true,"href":"https:\/\/www.heropainting.eu\/sk\/wp-json\/wp\/v2\/comments?post=1233"}],"wp:featuredmedia":[{"embeddable":true,"href":"https:\/\/www.heropainting.eu\/sk\/wp-json\/wp\/v2\/media\/1234"}],"wp:attachment":[{"href":"https:\/\/www.heropainting.eu\/sk\/wp-json\/wp\/v2\/media?parent=1233"}],"wp:term":[{"taxonomy":"product_brand","embeddable":true,"href":"https:\/\/www.heropainting.eu\/sk\/wp-json\/wp\/v2\/product_brand?post=1233"},{"taxonomy":"product_cat","embeddable":true,"href":"https:\/\/www.heropainting.eu\/sk\/wp-json\/wp\/v2\/product_cat?post=1233"},{"taxonomy":"product_tag","embeddable":true,"href":"https:\/\/www.heropainting.eu\/sk\/wp-json\/wp\/v2\/product_tag?post=1233"}],"curies":[{"name":"wp","href":"https:\/\/api.w.org\/{rel}","templated":true}]}}