{"id":1140,"date":"2020-04-11T09:48:30","date_gmt":"2020-04-11T07:48:30","guid":{"rendered":"https:\/\/www.heropainting.eu\/painting\/marie-antoinette-muslin-dress\/"},"modified":"2020-11-15T07:36:58","modified_gmt":"2020-11-15T06:36:58","slug":"marie-antoinette-muslin-dress","status":"publish","type":"product","link":"https:\/\/www.heropainting.eu\/sk\/obrazy\/marie-antoinette-muslin-dress\/","title":{"rendered":"Marie Antoinette (Muslin Dress)"},"content":{"rendered":"<!--themify_builder_content-->\n<div id=\"themify_builder_content-1140\" data-postid=\"1140\" class=\"themify_builder_content themify_builder_content-1140 themify_builder tf_clear\">\n    <\/div>\n<!--\/themify_builder_content-->\n","protected":false},"excerpt":{"rendered":"<p>\ud83d\udc68\u200d\ud83c\udfa8 Artist: <strong><a href=\"https:\/\/en.wikipedia.org\/wiki\/%C3%89lisabeth_Vig%C3%A9e_Le_Brun\">\u00c9lisabeth Vig\u00e9e Le Brun<\/a><\/strong><br \/>\n\ud83d\uddbc\ufe0f Original Dimensions: 92.7\u00a0 x 73.1 cm (36.4 x 28.7 in)<br \/>\n\ud83d\udcc5 Created: 1783<br \/>\n\u200e\u200d\ud83c\udfa8 Original type: Oil on canvas<br \/>\n<b>\ud83d\udc7e <\/b>Period:<br \/>\n\ud83d\udccd Locations of original: Timken Collection<\/p>\n<p>M\u00e1ria Antoinetta bola posledn\u00e1 franc\u00fazska kr\u00e1\u013eovn\u00e1 pred franc\u00fazskou revol\u00faciou. Portr\u00e9t kr\u00e1\u013eovnej Marie Antoinette v mu\u0161el\u00ednov\u00fdch <strong><a href=\"https:\/\/retropolis.sk\/saty\/\">\u0161at\u00e1ch<\/a><\/strong> bol nama\u013eovan\u00fd v roku 1783. Kritici ho pova\u017eovali za kontroverzn\u00fd portr\u00e9t a za nevhodn\u00fd neform\u00e1lny odev kr\u00e1\u013eovnej. Vytvorte si vlastn\u00fd kontroverzn\u00fd obraz so svojou podobiz\u0148ou.<\/p>\n","protected":false},"featured_media":256,"comment_status":"open","ping_status":"closed","template":"","meta":[],"product_brand":[],"product_cat":[60],"product_tag":[],"class_list":{"0":"post-1140","1":"product","2":"type-product","3":"status-publish","4":"has-post-thumbnail","6":"product_cat-women-sk","7":"has-post-title","8":"has-post-date","9":"has-post-category","10":"has-post-tag","11":"has-post-comment","12":"has-post-author","13":"","15":"first","16":"instock","17":"sale","18":"shipping-taxable","19":"purchasable","20":"product-type-variable","21":"has-default-attributes"},"builder_content":"","_links":{"self":[{"href":"https:\/\/www.heropainting.eu\/sk\/wp-json\/wp\/v2\/product\/1140"}],"collection":[{"href":"https:\/\/www.heropainting.eu\/sk\/wp-json\/wp\/v2\/product"}],"about":[{"href":"https:\/\/www.heropainting.eu\/sk\/wp-json\/wp\/v2\/types\/product"}],"replies":[{"embeddable":true,"href":"https:\/\/www.heropainting.eu\/sk\/wp-json\/wp\/v2\/comments?post=1140"}],"wp:featuredmedia":[{"embeddable":true,"href":"https:\/\/www.heropainting.eu\/sk\/wp-json\/wp\/v2\/media\/256"}],"wp:attachment":[{"href":"https:\/\/www.heropainting.eu\/sk\/wp-json\/wp\/v2\/media?parent=1140"}],"wp:term":[{"taxonomy":"product_brand","embeddable":true,"href":"https:\/\/www.heropainting.eu\/sk\/wp-json\/wp\/v2\/product_brand?post=1140"},{"taxonomy":"product_cat","embeddable":true,"href":"https:\/\/www.heropainting.eu\/sk\/wp-json\/wp\/v2\/product_cat?post=1140"},{"taxonomy":"product_tag","embeddable":true,"href":"https:\/\/www.heropainting.eu\/sk\/wp-json\/wp\/v2\/product_tag?post=1140"}],"curies":[{"name":"wp","href":"https:\/\/api.w.org\/{rel}","templated":true}]}}