{"id":1133,"date":"2020-04-11T09:51:41","date_gmt":"2020-04-11T07:51:41","guid":{"rendered":"https:\/\/www.heropainting.eu\/painting\/napoleon-bonaparte-crossing-the-alps\/"},"modified":"2020-11-13T13:32:56","modified_gmt":"2020-11-13T12:32:56","slug":"napoleon-bonaparte-crossing-the-alps","status":"publish","type":"product","link":"https:\/\/www.heropainting.eu\/sk\/obrazy\/napoleon-bonaparte-crossing-the-alps\/","title":{"rendered":"Napoleon Bonaparte (Crossing the Alps)"},"content":{"rendered":"<!--themify_builder_content-->\n<div id=\"themify_builder_content-1133\" data-postid=\"1133\" class=\"themify_builder_content themify_builder_content-1133 themify_builder tf_clear\">\n                    <div  data-lazy=\"1\" class=\"module_row themify_builder_row tb_ylnt975 tb_first tf_w\">\n                        <div class=\"row_inner col_align_top tb_col_count_1 tf_box tf_rel\">\n                        <div  data-lazy=\"1\" class=\"module_column tb-column col-full tb_vqfk976 first\">\n                    <!-- module text -->\n<div  class=\"module module-text tb_fbnh201   \" data-lazy=\"1\">\n        <div  class=\"tb_text_wrap\">\n        <h2><b>\u010co sa skr\u00fdva za obrazom:<\/b><\/h2>\n<p><span style=\"font-weight: 400;\">Napoleon sa 9.novembra 1799 ujal moci vo Franc\u00fazsku a bol odhodlan\u00fd vr\u00e1ti\u0165 sa do Talianska, aby posilnil franc\u00fazske jednotky a op\u00e4\u0165 z\u00edskal \u00fazemie, ktor\u00e9 dobyli Rak\u00fa\u0161ania. Na jar v roku 1800 viedol arm\u00e1du cez Ve\u013ek\u00fd priesmyk sv\u00e4t\u00e9ho Bernarda v Alp\u00e1ch. Napoleon d\u00fafal, \u017ee touto ne\u010dakanou trasou zasko\u010d\u00ed nepriate\u013ea. Pr\u00e1ve v \u010dase ke\u010f pri\u0161li napoleonsk\u00e9 jednotky, Janov padol. Cel\u00e1 bitka trvala a\u017e do 9.j\u00fana, kedy nakoniec Napoleon z\u00edskal rozhoduj\u00face v\u00ed\u0165azstvo v bitke pri Marengu. Na znak v\u010faky a \u00facty mu franc\u00fazsky ve\u013evyslanec v \u0160panielsku Charles-Jean-Marie Alquier daroval tento obraz. Aj vy m\u00f4\u017eete darova\u0165 tento origin\u00e1lny personalizovan\u00fd k\u00fasok niekomu v\u00fdnimo\u010dn\u00e9mu.\u00a0<\/span><\/p>\n<h2>\u00a0<\/h2>\n<h2><b>Vedeli ste, \u017ee existuje a\u017e 5 verzi\u00ed tohto zn\u00e1meho obrazu?\u00a0<\/b><\/h2>\n<p><span style=\"font-weight: 400;\">1.verzia sa nach\u00e1dza v <\/span><a href=\"https:\/\/en.wikipedia.org\/wiki\/Ch%C3%A2teau_de_Malmaison\" target=\"_blank\" rel=\"noopener\"><span style=\"font-weight: 400;\">Ch\u00e2teau de Malmaison<\/span><\/a><span style=\"font-weight: 400;\">\u00a0<\/span><\/p>\n<p><span style=\"font-weight: 400;\">2.verzia sa nach\u00e1dza v pal\u00e1ci Charlottenburg v Berl\u00edne<\/span><\/p>\n<p><span style=\"font-weight: 400;\">3.verzia sa nach\u00e1dza v m\u00fazeu vo Versailleskom pal\u00e1ci<\/span><\/p>\n<p><span style=\"font-weight: 400;\">4.verzia sa nach\u00e1dza v <\/span><span style=\"font-weight: 400;\">\u00a0<\/span><a href=\"https:\/\/en.wikipedia.org\/wiki\/%C3%96sterreichische_Galerie_Belvedere\" target=\"_blank\" rel=\"noopener\"><span style=\"font-weight: 400;\">\u00d6sterreichische Galerie Belvedere<\/span><\/a><span style=\"font-weight: 400;\">\u00a0<\/span><\/p>\n<p><span style=\"font-weight: 400;\">5.verzia sa nach\u00e1dza v m\u00fazeu vo Versailleskom pal\u00e1ci<\/span><\/p>\n<p><span style=\"font-weight: 400;\">T\u00e1 6.verzia sa m\u00f4\u017ee nach\u00e1dza\u0165 u v\u00e1s doma.\u00a0<\/span><\/p>\n<p>\u00a0<\/p>\n<h2><b>O autorovi:<\/b><\/h2>\n<p><span style=\"font-weight: 400;\">Jacques-Louis David (1748-1825) bol franc\u00fazsky maliar v neoklasicistickom \u0161t\u00fdle. Bol akt\u00edvnym z\u00e1stancom franc\u00fazskej revol\u00facie a bol pova\u017eovan\u00fd za dikt\u00e1tora umenia vo Franc\u00fazsku. Po Robespierrovom p\u00e1de z moci bol zajat\u00fd a po prepusten\u00ed sa spojil s \u010fal\u0161\u00edm politick\u00fdm re\u017eimom a to prv\u00fdm franc\u00fazskym konzulom, Napoleonom Bonapartem. V tejto dobe vyvinul svoj empirick\u00fd \u0161t\u00fdl, ktor\u00fd sa vyzna\u010doval pou\u017eit\u00edm tepl\u00fdch ben\u00e1tskych farieb. Po Napoleonovom p\u00e1de z cis\u00e1rskej moci a obroden\u00ed Bourbonov sa David vyhostil do Bruselu, potom do Holandska, kde zostal a\u017e do svojej smrti. David mal ve\u013ea \u017eiakov, \u010do z neho rob\u00ed najsilnej\u0161\u00ed vplyv vo franc\u00fazskom umen\u00ed za\u010diatkom 19. storo\u010dia, najm\u00e4 v akademickom maliarstve Salon.<\/span><\/p>    <\/div>\n<\/div>\n<!-- \/module text -->        <\/div>\n                        <\/div>\n        <\/div>\n        <\/div>\n<!--\/themify_builder_content-->","protected":false},"excerpt":{"rendered":"<p>\ud83d\udc68\u200d\ud83c\udfa8 Artist: <a title=\"\" href=\"https:\/\/en.wikipedia.org\/wiki\/Jacques-Louis_David\">Jacques-Louis David<\/a><br \/>\n\ud83d\uddbc\ufe0f Original Dimensions: 261\u00a0cm \u00d7\u00a0221\u00a0cm (\u200b<span class=\"frac nowrap\">102<span class=\"visualhide\">\u00a0<\/span><sup>1<\/sup>\u2044<sub>3<\/sub><\/span>\u00a0in \u00d7\u00a087\u00a0in)<br \/>\n\ud83d\udcc5 Created: 1801<br \/>\n\u200e\u200d\ud83c\udfa8 Original type: Oil on canvas<br \/>\n<b>\ud83d\udc7e <\/b>Period:<br \/>\n\ud83d\udccd Locations of original: Ch\u00e2teau de Malmaison, Rueil-Malmaison<\/p>\n<p>&nbsp;<\/p>\n<p><span style=\"font-weight: 400;\">Obraz Napoleon Crossing the Alps, tie\u017e zn\u00e1my ako Napoleon v priesmyku Saint-Bernard Pass je jedna z piatich verzi\u00ed portr\u00e9tu jazdiaceho Bonaparteho na koni. Ma\u013eba zn\u00e1zor\u0148uje silne idealizovan\u00fd poh\u013ead na skuto\u010dn\u00fd vojensk\u00fd prechod, ktor\u00fd Napoleon a jeho arm\u00e1da pre\u0161li cez Alpy v m\u00e1ji 1800.<\/span><\/p>\n","protected":false},"featured_media":349,"comment_status":"open","ping_status":"closed","template":"","meta":[],"product_brand":[],"product_cat":[54],"product_tag":[],"class_list":{"0":"post-1133","1":"product","2":"type-product","3":"status-publish","4":"has-post-thumbnail","6":"product_cat-men-sk","7":"has-post-title","8":"has-post-date","9":"has-post-category","10":"has-post-tag","11":"has-post-comment","12":"has-post-author","13":"","15":"first","16":"instock","17":"sale","18":"shipping-taxable","19":"purchasable","20":"product-type-variable","21":"has-default-attributes"},"builder_content":"<h2><b>\u010co sa skr\u00fdva za obrazom:<\/b><\/h2> <p>Napoleon sa 9.novembra 1799 ujal moci vo Franc\u00fazsku a bol odhodlan\u00fd vr\u00e1ti\u0165 sa do Talianska, aby posilnil franc\u00fazske jednotky a op\u00e4\u0165 z\u00edskal \u00fazemie, ktor\u00e9 dobyli Rak\u00fa\u0161ania. Na jar v roku 1800 viedol arm\u00e1du cez Ve\u013ek\u00fd priesmyk sv\u00e4t\u00e9ho Bernarda v Alp\u00e1ch. Napoleon d\u00fafal, \u017ee touto ne\u010dakanou trasou zasko\u010d\u00ed nepriate\u013ea. Pr\u00e1ve v \u010dase ke\u010f pri\u0161li napoleonsk\u00e9 jednotky, Janov padol. Cel\u00e1 bitka trvala a\u017e do 9.j\u00fana, kedy nakoniec Napoleon z\u00edskal rozhoduj\u00face v\u00ed\u0165azstvo v bitke pri Marengu. Na znak v\u010faky a \u00facty mu franc\u00fazsky ve\u013evyslanec v \u0160panielsku Charles-Jean-Marie Alquier daroval tento obraz. Aj vy m\u00f4\u017eete darova\u0165 tento origin\u00e1lny personalizovan\u00fd k\u00fasok niekomu v\u00fdnimo\u010dn\u00e9mu.\u00a0<\/p> <h2>\u00a0<\/h2> <h2><b>Vedeli ste, \u017ee existuje a\u017e 5 verzi\u00ed tohto zn\u00e1meho obrazu?\u00a0<\/b><\/h2> <p>1.verzia sa nach\u00e1dza v <a href=\"https:\/\/en.wikipedia.org\/wiki\/Ch%C3%A2teau_de_Malmaison\">Ch\u00e2teau de Malmaison<\/a>\u00a0<\/p> <p>2.verzia sa nach\u00e1dza v pal\u00e1ci Charlottenburg v Berl\u00edne<\/p> <p>3.verzia sa nach\u00e1dza v m\u00fazeu vo Versailleskom pal\u00e1ci<\/p> <p>4.verzia sa nach\u00e1dza v \u00a0<a href=\"https:\/\/en.wikipedia.org\/wiki\/%C3%96sterreichische_Galerie_Belvedere\">\u00d6sterreichische Galerie Belvedere<\/a>\u00a0<\/p> <p>5.verzia sa nach\u00e1dza v m\u00fazeu vo Versailleskom pal\u00e1ci<\/p> <p>T\u00e1 6.verzia sa m\u00f4\u017ee nach\u00e1dza\u0165 u v\u00e1s doma.\u00a0<\/p> <p>\u00a0<\/p> <h2><b>O autorovi:<\/b><\/h2> <p>Jacques-Louis David (1748-1825) bol franc\u00fazsky maliar v neoklasicistickom \u0161t\u00fdle. Bol akt\u00edvnym z\u00e1stancom franc\u00fazskej revol\u00facie a bol pova\u017eovan\u00fd za dikt\u00e1tora umenia vo Franc\u00fazsku. Po Robespierrovom p\u00e1de z moci bol zajat\u00fd a po prepusten\u00ed sa spojil s \u010fal\u0161\u00edm politick\u00fdm re\u017eimom a to prv\u00fdm franc\u00fazskym konzulom, Napoleonom Bonapartem. V tejto dobe vyvinul svoj empirick\u00fd \u0161t\u00fdl, ktor\u00fd sa vyzna\u010doval pou\u017eit\u00edm tepl\u00fdch ben\u00e1tskych farieb. Po Napoleonovom p\u00e1de z cis\u00e1rskej moci a obroden\u00ed Bourbonov sa David vyhostil do Bruselu, potom do Holandska, kde zostal a\u017e do svojej smrti. David mal ve\u013ea \u017eiakov, \u010do z neho rob\u00ed najsilnej\u0161\u00ed vplyv vo franc\u00fazskom umen\u00ed za\u010diatkom 19. storo\u010dia, najm\u00e4 v akademickom maliarstve Salon.<\/p>","_links":{"self":[{"href":"https:\/\/www.heropainting.eu\/sk\/wp-json\/wp\/v2\/product\/1133"}],"collection":[{"href":"https:\/\/www.heropainting.eu\/sk\/wp-json\/wp\/v2\/product"}],"about":[{"href":"https:\/\/www.heropainting.eu\/sk\/wp-json\/wp\/v2\/types\/product"}],"replies":[{"embeddable":true,"href":"https:\/\/www.heropainting.eu\/sk\/wp-json\/wp\/v2\/comments?post=1133"}],"wp:featuredmedia":[{"embeddable":true,"href":"https:\/\/www.heropainting.eu\/sk\/wp-json\/wp\/v2\/media\/349"}],"wp:attachment":[{"href":"https:\/\/www.heropainting.eu\/sk\/wp-json\/wp\/v2\/media?parent=1133"}],"wp:term":[{"taxonomy":"product_brand","embeddable":true,"href":"https:\/\/www.heropainting.eu\/sk\/wp-json\/wp\/v2\/product_brand?post=1133"},{"taxonomy":"product_cat","embeddable":true,"href":"https:\/\/www.heropainting.eu\/sk\/wp-json\/wp\/v2\/product_cat?post=1133"},{"taxonomy":"product_tag","embeddable":true,"href":"https:\/\/www.heropainting.eu\/sk\/wp-json\/wp\/v2\/product_tag?post=1133"}],"curies":[{"name":"wp","href":"https:\/\/api.w.org\/{rel}","templated":true}]}}