{"id":1126,"date":"2020-04-11T09:52:29","date_gmt":"2020-04-11T07:52:29","guid":{"rendered":"https:\/\/www.heropainting.eu\/painting\/napoleon-in-his-study-at-the-tuileries\/"},"modified":"2020-11-13T15:14:32","modified_gmt":"2020-11-13T14:14:32","slug":"napoleon-in-his-study-at-the-tuileries","status":"publish","type":"product","link":"https:\/\/www.heropainting.eu\/sk\/obrazy\/napoleon-in-his-study-at-the-tuileries\/","title":{"rendered":"Napoleon in his study at the Tuileries"},"content":{"rendered":"<!--themify_builder_content-->\n<div id=\"themify_builder_content-1126\" data-postid=\"1126\" class=\"themify_builder_content themify_builder_content-1126 themify_builder tf_clear\">\n    <\/div>\n<!--\/themify_builder_content-->\n","protected":false},"excerpt":{"rendered":"<p>\ud83d\udc68\u200d\ud83c\udfa8 Artist: <a href=\"https:\/\/en.wikipedia.org\/wiki\/Jacques-Louis_David\">Jacques-Louis David<\/a><br \/>\n\ud83d\uddbc\ufe0f Original Dimensions: 203.9\u00a0cm \u00d7\u00a0125.1\u00a0cm (80.3\u00a0in \u00d7\u00a049.3\u00a0in)<br \/>\n\ud83d\udcc5 Created: 1812<br \/>\n\u200e\u200d\ud83c\udfa8 Original type: Oil on canvas<br \/>\n<b>\ud83d\udc7e <\/b>Period:<br \/>\n\ud83d\udccd Locations of original: National Gallery of Art, Washington, D.C.<\/p>\n<p>&nbsp;<\/p>\n<p>Cis\u00e1r Napoleon vo svojej knihovni v Tuilerijskom pal\u00e1ci je obraz z roku 1812 od zn\u00e1meho maliara Jacquesa-Louisa Davida. Ma\u013eba zobrazuje franc\u00fazskeho cis\u00e1ra Napoleona I. v uniforme vo svojej pracovni v Tuilerijskom pal\u00e1ci. Aj vy sa m\u00f4\u017eete ocitn\u00fa\u0165 v n\u00e1dhernom Tuilerijskom pal\u00e1ci v\u010faka Hero Paiting, ktor\u00fd prenesie va\u0161u tv\u00e1r do tohto majstrovsk\u00e9ho diela.<\/p>\n","protected":false},"featured_media":345,"comment_status":"open","ping_status":"closed","template":"","meta":[],"product_brand":[],"product_cat":[54],"product_tag":[],"class_list":{"0":"post-1126","1":"product","2":"type-product","3":"status-publish","4":"has-post-thumbnail","6":"product_cat-men-sk","7":"has-post-title","8":"has-post-date","9":"has-post-category","10":"has-post-tag","11":"has-post-comment","12":"has-post-author","13":"","15":"first","16":"instock","17":"sale","18":"shipping-taxable","19":"purchasable","20":"product-type-variable","21":"has-default-attributes"},"builder_content":"","_links":{"self":[{"href":"https:\/\/www.heropainting.eu\/sk\/wp-json\/wp\/v2\/product\/1126"}],"collection":[{"href":"https:\/\/www.heropainting.eu\/sk\/wp-json\/wp\/v2\/product"}],"about":[{"href":"https:\/\/www.heropainting.eu\/sk\/wp-json\/wp\/v2\/types\/product"}],"replies":[{"embeddable":true,"href":"https:\/\/www.heropainting.eu\/sk\/wp-json\/wp\/v2\/comments?post=1126"}],"wp:featuredmedia":[{"embeddable":true,"href":"https:\/\/www.heropainting.eu\/sk\/wp-json\/wp\/v2\/media\/345"}],"wp:attachment":[{"href":"https:\/\/www.heropainting.eu\/sk\/wp-json\/wp\/v2\/media?parent=1126"}],"wp:term":[{"taxonomy":"product_brand","embeddable":true,"href":"https:\/\/www.heropainting.eu\/sk\/wp-json\/wp\/v2\/product_brand?post=1126"},{"taxonomy":"product_cat","embeddable":true,"href":"https:\/\/www.heropainting.eu\/sk\/wp-json\/wp\/v2\/product_cat?post=1126"},{"taxonomy":"product_tag","embeddable":true,"href":"https:\/\/www.heropainting.eu\/sk\/wp-json\/wp\/v2\/product_tag?post=1126"}],"curies":[{"name":"wp","href":"https:\/\/api.w.org\/{rel}","templated":true}]}}