{"id":1112,"date":"2020-04-11T09:56:56","date_gmt":"2020-04-11T07:56:56","guid":{"rendered":"https:\/\/www.heropainting.eu\/painting\/benjamin-franklin\/"},"modified":"2020-11-13T15:12:53","modified_gmt":"2020-11-13T14:12:53","slug":"benjamin-franklin","status":"publish","type":"product","link":"https:\/\/www.heropainting.eu\/sk\/obrazy\/benjamin-franklin\/","title":{"rendered":"Benjamin Franklin"},"content":{"rendered":"<!--themify_builder_content-->\n<div id=\"themify_builder_content-1112\" data-postid=\"1112\" class=\"themify_builder_content themify_builder_content-1112 themify_builder tf_clear\">\n    <\/div>\n<!--\/themify_builder_content-->\n","protected":false},"excerpt":{"rendered":"<p>\ud83d\udc68\u200d\ud83c\udfa8 Artist: <a title=\"\" href=\"https:\/\/en.wikipedia.org\/wiki\/Joseph_Duplessis\">Joseph Duplessis<\/a><br \/>\n\ud83d\uddbc\ufe0f Original Dimensions: 724 mm x 597 mm (28.5 x 23.5 in)<br \/>\n\ud83d\udcc5 Created: <time class=\"dtstart\" datetime=\"1785\">1785<\/time><br \/>\n\u200e\u200d\ud83c\udfa8 Original type: Oil on canvas<br \/>\n<b>\ud83d\udc7e <\/b>Period:<br \/>\n\ud83d\udccd Locations of original: gift of the Morris and Gwendolyn Cafritz Foundation<\/p>\n<p>&nbsp;<\/p>\n<p>Benjamin Franklin bol americk\u00fd nakladate\u013e, novin\u00e1r, autor, filantrop, \u00faradn\u00edk, vedec, diplomat, vyn\u00e1lezca a objavite\u013e. Patril medzi otcov zakladate\u013eov a vodcov americkej revol\u00facie. Stal sa zn\u00e1mym aj v\u010faka pokusom s elektrinou. Do b\u00farkov\u00e9ho mra\u010dna vypustil \u0161arkana a zistil, \u017ee blesk je ist\u00e1 forma elektriny. Vyna\u0161iel tie\u017e bleskozvod. A ako prv\u00e9mu sa mu podarilo op\u00edsa\u0165 kladn\u00fd a z\u00e1porn\u00fd elektrick\u00fd n\u00e1boj. Tento portr\u00e9t je na 100 dol\u00e1rovej bankovke, ale m\u00f4\u017ee visie\u0165 aj u v\u00e1s doma a dokonca s va\u0161ou podobiz\u0148ou.<\/p>\n","protected":false},"featured_media":260,"comment_status":"open","ping_status":"closed","template":"","meta":[],"product_brand":[],"product_cat":[54],"product_tag":[],"class_list":{"0":"post-1112","1":"product","2":"type-product","3":"status-publish","4":"has-post-thumbnail","6":"product_cat-men-sk","7":"has-post-title","8":"has-post-date","9":"has-post-category","10":"has-post-tag","11":"has-post-comment","12":"has-post-author","13":"","15":"first","16":"instock","17":"sale","18":"shipping-taxable","19":"purchasable","20":"product-type-variable","21":"has-default-attributes"},"builder_content":"","_links":{"self":[{"href":"https:\/\/www.heropainting.eu\/sk\/wp-json\/wp\/v2\/product\/1112"}],"collection":[{"href":"https:\/\/www.heropainting.eu\/sk\/wp-json\/wp\/v2\/product"}],"about":[{"href":"https:\/\/www.heropainting.eu\/sk\/wp-json\/wp\/v2\/types\/product"}],"replies":[{"embeddable":true,"href":"https:\/\/www.heropainting.eu\/sk\/wp-json\/wp\/v2\/comments?post=1112"}],"wp:featuredmedia":[{"embeddable":true,"href":"https:\/\/www.heropainting.eu\/sk\/wp-json\/wp\/v2\/media\/260"}],"wp:attachment":[{"href":"https:\/\/www.heropainting.eu\/sk\/wp-json\/wp\/v2\/media?parent=1112"}],"wp:term":[{"taxonomy":"product_brand","embeddable":true,"href":"https:\/\/www.heropainting.eu\/sk\/wp-json\/wp\/v2\/product_brand?post=1112"},{"taxonomy":"product_cat","embeddable":true,"href":"https:\/\/www.heropainting.eu\/sk\/wp-json\/wp\/v2\/product_cat?post=1112"},{"taxonomy":"product_tag","embeddable":true,"href":"https:\/\/www.heropainting.eu\/sk\/wp-json\/wp\/v2\/product_tag?post=1112"}],"curies":[{"name":"wp","href":"https:\/\/api.w.org\/{rel}","templated":true}]}}