{"id":1105,"date":"2020-04-11T09:58:48","date_gmt":"2020-04-11T07:58:48","guid":{"rendered":"https:\/\/www.heropainting.eu\/painting\/interesting-story\/"},"modified":"2020-11-15T07:34:01","modified_gmt":"2020-11-15T06:34:01","slug":"interesting-story","status":"publish","type":"product","link":"https:\/\/www.heropainting.eu\/sk\/obrazy\/interesting-story\/","title":{"rendered":"Interesting Story"},"content":{"rendered":"<!--themify_builder_content-->\n<div id=\"themify_builder_content-1105\" data-postid=\"1105\" class=\"themify_builder_content themify_builder_content-1105 themify_builder tf_clear\">\n    <\/div>\n<!--\/themify_builder_content-->\n","protected":false},"excerpt":{"rendered":"<p>\ud83d\udc68\u200d\ud83c\udfa8 Artist: Laura Muntz Lyall<br \/>\n\ud83d\uddbc\ufe0f Original Dimensions: 813 x 1,003 mm (32 x 39.48 in)<br \/>\n\ud83d\udcc5 Created: 1898<br \/>\n\u200e\u200d\ud83c\udfa8 Original type: Oil on canvas<br \/>\n<b>\ud83d\udc7e <\/b>Period:<br \/>\n\ud83d\udccd Locations of original:<\/p>\n<p>Ma\u013eba s n\u00e1zvom Interesting story je olejoma\u013eba, ktor\u00fa nama\u013eovala umelky\u0148a Laura Muntz Lyall. Dielo poch\u00e1dza z roku 1898 a patr\u00ed do obdobia impresionizmu. Kritici oce\u0148uj\u00fa jej manipul\u00e1ciu so svetlom a zdr\u017eanliv\u00fa farbu.<\/p>\n","protected":false},"featured_media":341,"comment_status":"open","ping_status":"closed","template":"","meta":[],"product_brand":[],"product_cat":[64],"product_tag":[],"class_list":{"0":"post-1105","1":"product","2":"type-product","3":"status-publish","4":"has-post-thumbnail","6":"product_cat-kids-sk","7":"has-post-title","8":"has-post-date","9":"has-post-category","10":"has-post-tag","11":"has-post-comment","12":"has-post-author","13":"","15":"first","16":"instock","17":"sale","18":"shipping-taxable","19":"purchasable","20":"product-type-variable","21":"has-default-attributes"},"builder_content":"","_links":{"self":[{"href":"https:\/\/www.heropainting.eu\/sk\/wp-json\/wp\/v2\/product\/1105"}],"collection":[{"href":"https:\/\/www.heropainting.eu\/sk\/wp-json\/wp\/v2\/product"}],"about":[{"href":"https:\/\/www.heropainting.eu\/sk\/wp-json\/wp\/v2\/types\/product"}],"replies":[{"embeddable":true,"href":"https:\/\/www.heropainting.eu\/sk\/wp-json\/wp\/v2\/comments?post=1105"}],"wp:featuredmedia":[{"embeddable":true,"href":"https:\/\/www.heropainting.eu\/sk\/wp-json\/wp\/v2\/media\/341"}],"wp:attachment":[{"href":"https:\/\/www.heropainting.eu\/sk\/wp-json\/wp\/v2\/media?parent=1105"}],"wp:term":[{"taxonomy":"product_brand","embeddable":true,"href":"https:\/\/www.heropainting.eu\/sk\/wp-json\/wp\/v2\/product_brand?post=1105"},{"taxonomy":"product_cat","embeddable":true,"href":"https:\/\/www.heropainting.eu\/sk\/wp-json\/wp\/v2\/product_cat?post=1105"},{"taxonomy":"product_tag","embeddable":true,"href":"https:\/\/www.heropainting.eu\/sk\/wp-json\/wp\/v2\/product_tag?post=1105"}],"curies":[{"name":"wp","href":"https:\/\/api.w.org\/{rel}","templated":true}]}}