{"id":1098,"date":"2020-04-11T09:59:54","date_gmt":"2020-04-11T07:59:54","guid":{"rendered":"https:\/\/www.heropainting.eu\/painting\/henry-viii-of-england\/"},"modified":"2020-11-13T15:05:11","modified_gmt":"2020-11-13T14:05:11","slug":"henry-viii-of-england","status":"publish","type":"product","link":"https:\/\/www.heropainting.eu\/sk\/obrazy\/henry-viii-of-england\/","title":{"rendered":"Henry VIII of England"},"content":{"rendered":"<!--themify_builder_content-->\n<div id=\"themify_builder_content-1098\" data-postid=\"1098\" class=\"themify_builder_content themify_builder_content-1098 themify_builder tf_clear\">\n                    <div  data-lazy=\"1\" class=\"module_row themify_builder_row tb_yvo6637 tb_first tf_w\">\n                        <div class=\"row_inner col_align_top tb_col_count_1 tf_box tf_rel\">\n                        <div  data-lazy=\"1\" class=\"module_column tb-column col-full tb_xh1v638 first\">\n                    <!-- module text -->\n<div  class=\"module module-text tb_nuob199   \" data-lazy=\"1\">\n        <div  class=\"tb_text_wrap\">\n        <h2><b>O autorovi:<\/b><\/h2>\n<p><span style=\"font-weight: 400;\">Hans Holbein mlad\u0161\u00ed (1497-1543) bol <\/span><a href=\"https:\/\/en.wikipedia.org\/wiki\/German_painter\" target=\"_blank\" rel=\"noopener\"><span style=\"font-weight: 400;\">nemeck\u00fd maliar<\/span><\/a><span style=\"font-weight: 400;\"> a grafik, ktor\u00fd pracoval v <\/span><a href=\"https:\/\/en.wikipedia.org\/wiki\/Northern_Renaissance\" target=\"_blank\" rel=\"noopener\"><span style=\"font-weight: 400;\">severskom renesan\u010dnom<\/span><\/a><span style=\"font-weight: 400;\"> \u0161t\u00fdle a je pova\u017eovan\u00fd za jedn\u00e9ho z najv\u00e4\u010d\u0161\u00edch portr\u00e9tistov 16. storo\u010dia. Produkoval tie\u017e n\u00e1bo\u017eensk\u00e9 umenie, satiru a <\/span><a href=\"https:\/\/en.wikipedia.org\/wiki\/Protestant_Reformation\" target=\"_blank\" rel=\"noopener\"><span style=\"font-weight: 400;\">reforma\u010dn\u00fa<\/span><\/a><span style=\"font-weight: 400;\"> propagandu a v\u00fdznamne prispel k hist\u00f3rii kni\u017en\u00e9ho dizajnu. Najsk\u00f4r v\u0161ak ma\u013eoval n\u00e1stenn\u00e9 ma\u013eby a n\u00e1bo\u017eensk\u00e9 diela, navrhoval vitr\u00e1\u017ee a tla\u010dil knihy. Ke\u010f sa reform\u00e1cia dostala do Bazileja, pracoval Holbein pre reformn\u00fdch klientov a na\u010falej sl\u00fa\u017eil tradi\u010dn\u00fdm n\u00e1bo\u017eensk\u00fdm patr\u00f3nom. Jeho neskorogotick\u00fd \u0161t\u00fdl bol obohaten\u00fd o umeleck\u00e9 trendy v Taliansku, Franc\u00fazsku a Holandsku, ako aj o <\/span><a href=\"https:\/\/en.wikipedia.org\/wiki\/Renaissance_humanism\" target=\"_blank\" rel=\"noopener\"><span style=\"font-weight: 400;\">renesan\u010dn\u00fd humanizmus<\/span><\/a><span style=\"font-weight: 400;\">. V\u00fdsledkom bola jedine\u010dn\u00e1 kombinovan\u00e1 estetika. Tento ve\u013emi pekn\u00fd a estetick\u00fd k\u00fasok m\u00f4\u017eete ma\u0165 tie\u017e doma, ale navy\u0161e so svojou vlastnou podobiz\u0148ou. <\/span><\/p>    <\/div>\n<\/div>\n<!-- \/module text -->        <\/div>\n                        <\/div>\n        <\/div>\n        <\/div>\n<!--\/themify_builder_content-->","protected":false},"excerpt":{"rendered":"<p>\ud83d\udc68\u200d\ud83c\udfa8 Artist:\u00a0<a title=\"Hans Holbein the Younger\" href=\"https:\/\/en.wikipedia.org\/wiki\/Hans_Holbein_the_Younger\">Hans Holbein the Younger<\/a>,<br \/>\n\ud83d\uddbc\ufe0f Original Dimensions: 2,390 mm x 1,345 mm (94 x\u00a052.9 in)<br \/>\n\ud83d\udcc5 Created: 1537<br \/>\n\u200e\u200d\ud83c\udfa8 Original type: Oil on canvas<br \/>\n<b>\ud83d\udc7e <\/b>Period:<br \/>\n\ud83d\udccd Locations of original:<\/p>\n<p>&nbsp;<\/p>\n<p><span style=\"font-weight: 400;\">Henry VIII. bol <\/span><a href=\"https:\/\/en.wikipedia.org\/wiki\/King_of_England\"><span style=\"font-weight: 400;\">anglick\u00fdm kr\u00e1\u013eom<\/span><\/a><span style=\"font-weight: 400;\"> od roku 1509 a\u017e do roku 1547 kedy zomrel. Henry je zn\u00e1my predov\u0161etk\u00fdm v\u010faka <\/span><a href=\"https:\/\/en.wikipedia.org\/wiki\/Wives_of_Henry_VIII\"><span style=\"font-weight: 400;\">svojim \u0161iestim man\u017eelstv\u00e1m<\/span><\/a><span style=\"font-weight: 400;\">. Zn\u00e1my je aj v\u010faka jeho nes\u00fahlasu s <\/span><a href=\"https:\/\/en.wikipedia.org\/wiki\/Pope_Clement_VII\"><span style=\"font-weight: 400;\">p\u00e1pe\u017eom Klementom VII.<\/span><\/a><span style=\"font-weight: 400;\"> Henry viedol za\u010diatok <\/span><a href=\"https:\/\/en.wikipedia.org\/wiki\/English_Reformation\"><span style=\"font-weight: 400;\">anglickej reform\u00e1cie<\/span><\/a><span style=\"font-weight: 400;\">, ktor\u00e1 odde\u013euje <\/span><a href=\"https:\/\/en.wikipedia.org\/wiki\/English_Reformation\"><span style=\"font-weight: 400;\">anglick\u00fa <\/span><\/a><a href=\"https:\/\/en.wikipedia.org\/wiki\/Church_of_England\"><span style=\"font-weight: 400;\">cirkev<\/span><\/a><span style=\"font-weight: 400;\"> od p\u00e1pe\u017eskej moci. Vymenoval sa za <\/span><a href=\"https:\/\/en.wikipedia.org\/wiki\/Supreme_Head_of_the_Church_of_England\"><span style=\"font-weight: 400;\">najvy\u0161\u0161ieho predstavite\u013ea anglickej cirkvi<\/span><\/a><span style=\"font-weight: 400;\"> a <\/span><a href=\"https:\/\/en.wikipedia.org\/wiki\/Dissolution_of_the_Monasteries\"><span style=\"font-weight: 400;\">rozpustil kostoly a kl\u00e1\u0161tory<\/span><\/a><span style=\"font-weight: 400;\">, za ktor\u00e9 bol <\/span><a href=\"https:\/\/en.wikipedia.org\/wiki\/List_of_people_excommunicated_by_the_Catholic_Church\"><span style=\"font-weight: 400;\">exkomunikovan\u00fd<\/span><\/a><span style=\"font-weight: 400;\">. Henry je tie\u017e zn\u00e1my ako \u201eotec kr\u00e1\u013eovsk\u00e9ho n\u00e1morn\u00edctva\u201c, preto\u017ee vo ve\u013ekej miere investoval do n\u00e1morn\u00edctva a zv\u00e4\u010d\u0161il jeho ve\u013ekos\u0165 z nieko\u013ek\u00fdch na viac ako 50 lod\u00ed a zalo\u017eil <\/span><a href=\"https:\/\/en.wikipedia.org\/wiki\/Navy_Board\"><span style=\"font-weight: 400;\">n\u00e1morn\u00fa radu<\/span><\/a><span style=\"font-weight: 400;\">.<\/span><\/p>\n","protected":false},"featured_media":264,"comment_status":"open","ping_status":"closed","template":"","meta":[],"product_brand":[],"product_cat":[54],"product_tag":[],"class_list":{"0":"post-1098","1":"product","2":"type-product","3":"status-publish","4":"has-post-thumbnail","6":"product_cat-men-sk","7":"has-post-title","8":"has-post-date","9":"has-post-category","10":"has-post-tag","11":"has-post-comment","12":"has-post-author","13":"","15":"first","16":"instock","17":"sale","18":"shipping-taxable","19":"purchasable","20":"product-type-variable","21":"has-default-attributes"},"builder_content":"<h2><b>O autorovi:<\/b><\/h2> <p>Hans Holbein mlad\u0161\u00ed (1497-1543) bol <a href=\"https:\/\/en.wikipedia.org\/wiki\/German_painter\">nemeck\u00fd maliar<\/a> a grafik, ktor\u00fd pracoval v <a href=\"https:\/\/en.wikipedia.org\/wiki\/Northern_Renaissance\">severskom renesan\u010dnom<\/a> \u0161t\u00fdle a je pova\u017eovan\u00fd za jedn\u00e9ho z najv\u00e4\u010d\u0161\u00edch portr\u00e9tistov 16. storo\u010dia. Produkoval tie\u017e n\u00e1bo\u017eensk\u00e9 umenie, satiru a <a href=\"https:\/\/en.wikipedia.org\/wiki\/Protestant_Reformation\">reforma\u010dn\u00fa<\/a> propagandu a v\u00fdznamne prispel k hist\u00f3rii kni\u017en\u00e9ho dizajnu. Najsk\u00f4r v\u0161ak ma\u013eoval n\u00e1stenn\u00e9 ma\u013eby a n\u00e1bo\u017eensk\u00e9 diela, navrhoval vitr\u00e1\u017ee a tla\u010dil knihy. Ke\u010f sa reform\u00e1cia dostala do Bazileja, pracoval Holbein pre reformn\u00fdch klientov a na\u010falej sl\u00fa\u017eil tradi\u010dn\u00fdm n\u00e1bo\u017eensk\u00fdm patr\u00f3nom. Jeho neskorogotick\u00fd \u0161t\u00fdl bol obohaten\u00fd o umeleck\u00e9 trendy v Taliansku, Franc\u00fazsku a Holandsku, ako aj o <a href=\"https:\/\/en.wikipedia.org\/wiki\/Renaissance_humanism\">renesan\u010dn\u00fd humanizmus<\/a>. V\u00fdsledkom bola jedine\u010dn\u00e1 kombinovan\u00e1 estetika. Tento ve\u013emi pekn\u00fd a estetick\u00fd k\u00fasok m\u00f4\u017eete ma\u0165 tie\u017e doma, ale navy\u0161e so svojou vlastnou podobiz\u0148ou. <\/p>","_links":{"self":[{"href":"https:\/\/www.heropainting.eu\/sk\/wp-json\/wp\/v2\/product\/1098"}],"collection":[{"href":"https:\/\/www.heropainting.eu\/sk\/wp-json\/wp\/v2\/product"}],"about":[{"href":"https:\/\/www.heropainting.eu\/sk\/wp-json\/wp\/v2\/types\/product"}],"replies":[{"embeddable":true,"href":"https:\/\/www.heropainting.eu\/sk\/wp-json\/wp\/v2\/comments?post=1098"}],"wp:featuredmedia":[{"embeddable":true,"href":"https:\/\/www.heropainting.eu\/sk\/wp-json\/wp\/v2\/media\/264"}],"wp:attachment":[{"href":"https:\/\/www.heropainting.eu\/sk\/wp-json\/wp\/v2\/media?parent=1098"}],"wp:term":[{"taxonomy":"product_brand","embeddable":true,"href":"https:\/\/www.heropainting.eu\/sk\/wp-json\/wp\/v2\/product_brand?post=1098"},{"taxonomy":"product_cat","embeddable":true,"href":"https:\/\/www.heropainting.eu\/sk\/wp-json\/wp\/v2\/product_cat?post=1098"},{"taxonomy":"product_tag","embeddable":true,"href":"https:\/\/www.heropainting.eu\/sk\/wp-json\/wp\/v2\/product_tag?post=1098"}],"curies":[{"name":"wp","href":"https:\/\/api.w.org\/{rel}","templated":true}]}}