{"id":1084,"date":"2020-04-11T10:01:31","date_gmt":"2020-04-11T08:01:31","guid":{"rendered":"https:\/\/www.heropainting.eu\/painting\/zoe-talon\/"},"modified":"2020-11-15T07:35:31","modified_gmt":"2020-11-15T06:35:31","slug":"zoe-talon","status":"publish","type":"product","link":"https:\/\/www.heropainting.eu\/sk\/obrazy\/zoe-talon\/","title":{"rendered":"Zoe Talon"},"content":{"rendered":"<!--themify_builder_content-->\n<div id=\"themify_builder_content-1084\" data-postid=\"1084\" class=\"themify_builder_content themify_builder_content-1084 themify_builder tf_clear\">\n                    <div  data-lazy=\"1\" class=\"module_row themify_builder_row tb_786o985 tb_first tf_w\">\n                        <div class=\"row_inner col_align_top tb_col_count_1 tf_box tf_rel\">\n                        <div  data-lazy=\"1\" class=\"module_column tb-column col-full tb_cejr987 first\">\n                    <!-- module text -->\n<div  class=\"module module-text tb_fxdf918   \" data-lazy=\"1\">\n        <div  class=\"tb_text_wrap\">\n        <h2><b>O autorovi:<\/b><\/h2>\n<p><span style=\"font-weight: 400;\">Fran\u00e7ois Pascal Simon G\u00e9rard (1770-1837) bol v\u00fdznamn\u00fd franc\u00fazsky maliar. Narodil sa v <\/span><a href=\"https:\/\/en.wikipedia.org\/wiki\/Rome\" target=\"_blank\" rel=\"noopener\"><span style=\"font-weight: 400;\">R\u00edme<\/span><\/a><span style=\"font-weight: 400;\">, kde jeho otec zast\u00e1val post v dome franc\u00fazskeho ve\u013evyslanca a jeho matka bola Talianka. V roku 1809 ho cis\u00e1r <\/span><a href=\"https:\/\/en.wikipedia.org\/wiki\/Napoleon\" target=\"_blank\" rel=\"noopener\"><span style=\"font-weight: 400;\">Napoleon<\/span><\/a><span style=\"font-weight: 400;\"> I. zvolil za <\/span><a href=\"https:\/\/en.wikipedia.org\/wiki\/Baron_of_the_Empire\" target=\"_blank\" rel=\"noopener\"><span style=\"font-weight: 400;\">bar\u00f3na r\u00ed\u0161e<\/span><\/a><span style=\"font-weight: 400;\"> a odvtedy bol form\u00e1lne zn\u00e1my ako bar\u00f3n G\u00e9rard.<\/span><\/p>    <\/div>\n<\/div>\n<!-- \/module text -->        <\/div>\n                        <\/div>\n        <\/div>\n        <\/div>\n<!--\/themify_builder_content-->","protected":false},"excerpt":{"rendered":"<p>\ud83d\udc68\u200d\ud83c\udfa8 Artist: <a title=\"Fran\u00e7ois G\u00e9rard\" href=\"https:\/\/en.wikipedia.org\/wiki\/Fran%C3%A7ois_G%C3%A9rard\">Fran\u00e7ois G\u00e9rard<\/a><br \/>\n\ud83d\uddbc\ufe0f Original Dimensions: 32 x 24 cm\u00a0 (12.5 in \u00d7 9.4 in)<br \/>\n\ud83d\udcc5 Created: 1825<br \/>\n\u200e\u200d\ud83c\udfa8 Original type: oil on canvas<br \/>\n<b>\ud83d\udc7e <\/b>Period:<br \/>\n\ud83d\udccd Locations of original: Versailles<\/p>\n<p>Obraz Zoe Talon zobrazuje Kontesu du Caylu so svojimi de\u0165mi. Je to kr\u00e1sna olejoma\u013eba, ktor\u00fa nama\u013eoval Fran\u00e7ois G\u00e9rard v roku 1825. Zo\u00e9 Victoire Talon, naz\u00fdvan\u00e1 aj ako Kontesa du Cayla bola d\u00f4vernou priate\u013ekou a d\u00f4vern\u00ed\u010dkou franc\u00fazskeho \u013dudov\u00edta XVIII .<\/p>\n","protected":false},"featured_media":337,"comment_status":"open","ping_status":"closed","template":"","meta":[],"product_brand":[],"product_cat":[64],"product_tag":[],"class_list":{"0":"post-1084","1":"product","2":"type-product","3":"status-publish","4":"has-post-thumbnail","6":"product_cat-kids-sk","7":"has-post-title","8":"has-post-date","9":"has-post-category","10":"has-post-tag","11":"has-post-comment","12":"has-post-author","13":"","15":"first","16":"instock","17":"sale","18":"shipping-taxable","19":"purchasable","20":"product-type-variable","21":"has-default-attributes"},"builder_content":"<h2><b>O autorovi:<\/b><\/h2> <p>Fran\u00e7ois Pascal Simon G\u00e9rard (1770-1837) bol v\u00fdznamn\u00fd franc\u00fazsky maliar. Narodil sa v <a href=\"https:\/\/en.wikipedia.org\/wiki\/Rome\">R\u00edme<\/a>, kde jeho otec zast\u00e1val post v dome franc\u00fazskeho ve\u013evyslanca a jeho matka bola Talianka. V roku 1809 ho cis\u00e1r <a href=\"https:\/\/en.wikipedia.org\/wiki\/Napoleon\">Napoleon<\/a> I. zvolil za <a href=\"https:\/\/en.wikipedia.org\/wiki\/Baron_of_the_Empire\">bar\u00f3na r\u00ed\u0161e<\/a> a odvtedy bol form\u00e1lne zn\u00e1my ako bar\u00f3n G\u00e9rard.<\/p>","_links":{"self":[{"href":"https:\/\/www.heropainting.eu\/sk\/wp-json\/wp\/v2\/product\/1084"}],"collection":[{"href":"https:\/\/www.heropainting.eu\/sk\/wp-json\/wp\/v2\/product"}],"about":[{"href":"https:\/\/www.heropainting.eu\/sk\/wp-json\/wp\/v2\/types\/product"}],"replies":[{"embeddable":true,"href":"https:\/\/www.heropainting.eu\/sk\/wp-json\/wp\/v2\/comments?post=1084"}],"wp:featuredmedia":[{"embeddable":true,"href":"https:\/\/www.heropainting.eu\/sk\/wp-json\/wp\/v2\/media\/337"}],"wp:attachment":[{"href":"https:\/\/www.heropainting.eu\/sk\/wp-json\/wp\/v2\/media?parent=1084"}],"wp:term":[{"taxonomy":"product_brand","embeddable":true,"href":"https:\/\/www.heropainting.eu\/sk\/wp-json\/wp\/v2\/product_brand?post=1084"},{"taxonomy":"product_cat","embeddable":true,"href":"https:\/\/www.heropainting.eu\/sk\/wp-json\/wp\/v2\/product_cat?post=1084"},{"taxonomy":"product_tag","embeddable":true,"href":"https:\/\/www.heropainting.eu\/sk\/wp-json\/wp\/v2\/product_tag?post=1084"}],"curies":[{"name":"wp","href":"https:\/\/api.w.org\/{rel}","templated":true}]}}