{"id":1062,"date":"2020-04-11T10:14:28","date_gmt":"2020-04-11T08:14:28","guid":{"rendered":"https:\/\/www.heropainting.eu\/painting\/amprogio-spinola\/"},"modified":"2020-11-13T15:17:24","modified_gmt":"2020-11-13T14:17:24","slug":"amprogio-spinola","status":"publish","type":"product","link":"https:\/\/www.heropainting.eu\/sk\/obrazy\/amprogio-spinola\/","title":{"rendered":"Amprogio Spinola"},"content":{"rendered":"<!--themify_builder_content-->\n<div id=\"themify_builder_content-1062\" data-postid=\"1062\" class=\"themify_builder_content themify_builder_content-1062 themify_builder tf_clear\">\n                    <div  data-lazy=\"1\" class=\"module_row themify_builder_row tb_b60b501 tb_first tf_w\">\n                        <div class=\"row_inner col_align_top tb_col_count_1 tf_box tf_rel\">\n                        <div  data-lazy=\"1\" class=\"module_column tb-column col-full tb_1ajo507 first\">\n                    <!-- module text -->\n<div  class=\"module module-text tb_2m9m657   \" data-lazy=\"1\">\n        <div  class=\"tb_text_wrap\">\n        <h2><b>O autorovi:<\/b><\/h2>\n<p><span style=\"font-weight: 400;\">Michiel Janszoon van Mierevelt, bol <\/span><a href=\"https:\/\/en.wikipedia.org\/wiki\/Dutch_Golden_Age\" target=\"_blank\" rel=\"noopener\"><span style=\"font-weight: 400;\">holandsk\u00fd <\/span><\/a><span style=\"font-weight: 400;\">maliar a kresliar. Venoval sa najsk\u00f4r <\/span><a href=\"https:\/\/en.wikipedia.org\/wiki\/Still_life\" target=\"_blank\" rel=\"noopener\"><span style=\"font-weight: 400;\">z\u00e1ti\u0161iam<\/span><\/a><span style=\"font-weight: 400;\"> a nakoniec sa venoval <\/span><a href=\"https:\/\/en.wikipedia.org\/wiki\/Portrait_painting\" target=\"_blank\" rel=\"noopener\"><span style=\"font-weight: 400;\">portr\u00e9tovaniu<\/span><\/a><span style=\"font-weight: 400;\">, v ktorom dosiahol ve\u013ek\u00fd \u00faspech. Jeho diela s\u00fa pozoruhodn\u00e9 svojou \u00faprimnos\u0165ou, drsnou kresbou a harmonickou farebnos\u0165ou. Jeho reput\u00e1cia bola tak\u00e1 ve\u013ek\u00e1, \u017ee si v mnoh\u00fdch krajin\u00e1ch z\u00edskal vysok\u00fd honor\u00e1r a z\u00edskal ve\u013ek\u00e9 bohatstvo.<\/span><\/p>    <\/div>\n<\/div>\n<!-- \/module text -->        <\/div>\n                        <\/div>\n        <\/div>\n        <\/div>\n<!--\/themify_builder_content-->","protected":false},"excerpt":{"rendered":"<p>\ud83d\udc68\u200d\ud83c\udfa8 Artist: <a title=\"Michiel Jansz. van Mierevelt\" href=\"https:\/\/en.wikipedia.org\/wiki\/Michiel_Jansz._van_Mierevelt\">Michiel van Mierevelt<\/a><br \/>\n\ud83d\uddbc\ufe0f Original Dimensions: 29.6 x 24 cm (11.6 x 9.4 in)<br \/>\n\ud83d\udcc5 Created: 1609<br \/>\n\u200e\u200d\ud83c\udfa8 Original type: oil on panel<br \/>\n<b>\ud83d\udc7e <\/b>Period:<br \/>\n\ud83d\udccd Locations of original:<\/p>\n<p>&nbsp;<\/p>\n<p>Ambrogio Spinola Doria bol taliansky \u0161\u013eachtic Janovskej republiky, ktor\u00fd p\u00f4sobil ako \u0161panielsky gener\u00e1l a vyhral mno\u017estvo d\u00f4le\u017eit\u00fdch bitiek. \u0160panielsky hovoriaci \u013eudia ho \u010dasto naz\u00fdvaj\u00fa \u201eAmbrosio\u201c a je pova\u017eovan\u00fd za jedn\u00e9ho z najv\u00e4\u010d\u0161\u00edch vojensk\u00fdch velite\u013eov svojej doby a v\u0161eobecne v hist\u00f3rii \u0161panielskej arm\u00e1dy. Jeho vojensk\u00e9 \u00faspechy mu vyniesli titul mark\u00fdz z Los Balbase a rovnako aj vyznamenanie R\u00e1du zlat\u00e9ho r\u00fana a r\u00e1d Santiaga. Aj vy sa m\u00f4\u017eete v\u010faka Hero Paiting sta\u0165 najv\u00e4\u010d\u0161\u00edm velite\u013eom v hist\u00f3rii \u0161panielskej arm\u00e1dy.<\/p>\n","protected":false},"featured_media":288,"comment_status":"open","ping_status":"closed","template":"","meta":[],"product_brand":[],"product_cat":[54],"product_tag":[],"class_list":{"0":"post-1062","1":"product","2":"type-product","3":"status-publish","4":"has-post-thumbnail","6":"product_cat-men-sk","7":"has-post-title","8":"has-post-date","9":"has-post-category","10":"has-post-tag","11":"has-post-comment","12":"has-post-author","13":"","15":"first","16":"instock","17":"sale","18":"shipping-taxable","19":"purchasable","20":"product-type-variable","21":"has-default-attributes"},"builder_content":"<h2><b>O autorovi:<\/b><\/h2> <p>Michiel Janszoon van Mierevelt, bol <a href=\"https:\/\/en.wikipedia.org\/wiki\/Dutch_Golden_Age\">holandsk\u00fd <\/a>maliar a kresliar. Venoval sa najsk\u00f4r <a href=\"https:\/\/en.wikipedia.org\/wiki\/Still_life\">z\u00e1ti\u0161iam<\/a> a nakoniec sa venoval <a href=\"https:\/\/en.wikipedia.org\/wiki\/Portrait_painting\">portr\u00e9tovaniu<\/a>, v ktorom dosiahol ve\u013ek\u00fd \u00faspech. Jeho diela s\u00fa pozoruhodn\u00e9 svojou \u00faprimnos\u0165ou, drsnou kresbou a harmonickou farebnos\u0165ou. Jeho reput\u00e1cia bola tak\u00e1 ve\u013ek\u00e1, \u017ee si v mnoh\u00fdch krajin\u00e1ch z\u00edskal vysok\u00fd honor\u00e1r a z\u00edskal ve\u013ek\u00e9 bohatstvo.<\/p>","_links":{"self":[{"href":"https:\/\/www.heropainting.eu\/sk\/wp-json\/wp\/v2\/product\/1062"}],"collection":[{"href":"https:\/\/www.heropainting.eu\/sk\/wp-json\/wp\/v2\/product"}],"about":[{"href":"https:\/\/www.heropainting.eu\/sk\/wp-json\/wp\/v2\/types\/product"}],"replies":[{"embeddable":true,"href":"https:\/\/www.heropainting.eu\/sk\/wp-json\/wp\/v2\/comments?post=1062"}],"wp:featuredmedia":[{"embeddable":true,"href":"https:\/\/www.heropainting.eu\/sk\/wp-json\/wp\/v2\/media\/288"}],"wp:attachment":[{"href":"https:\/\/www.heropainting.eu\/sk\/wp-json\/wp\/v2\/media?parent=1062"}],"wp:term":[{"taxonomy":"product_brand","embeddable":true,"href":"https:\/\/www.heropainting.eu\/sk\/wp-json\/wp\/v2\/product_brand?post=1062"},{"taxonomy":"product_cat","embeddable":true,"href":"https:\/\/www.heropainting.eu\/sk\/wp-json\/wp\/v2\/product_cat?post=1062"},{"taxonomy":"product_tag","embeddable":true,"href":"https:\/\/www.heropainting.eu\/sk\/wp-json\/wp\/v2\/product_tag?post=1062"}],"curies":[{"name":"wp","href":"https:\/\/api.w.org\/{rel}","templated":true}]}}