{"id":1055,"date":"2020-04-11T10:15:16","date_gmt":"2020-04-11T08:15:16","guid":{"rendered":"https:\/\/www.heropainting.eu\/painting\/lady-with-a-puppy\/"},"modified":"2020-11-15T07:38:49","modified_gmt":"2020-11-15T06:38:49","slug":"lady-with-a-puppy","status":"publish","type":"product","link":"https:\/\/www.heropainting.eu\/sk\/obrazy\/lady-with-a-puppy\/","title":{"rendered":"Lady with a Puppy"},"content":{"rendered":"<!--themify_builder_content-->\n<div id=\"themify_builder_content-1055\" data-postid=\"1055\" class=\"themify_builder_content themify_builder_content-1055 themify_builder tf_clear\">\n    <\/div>\n<!--\/themify_builder_content-->\n","protected":false},"excerpt":{"rendered":"<p>\ud83d\udc68\u200d\ud83c\udfa8 Artist: Agnolo Bronzino<br \/>\n\ud83d\uddbc\ufe0f Original Dimensions: 70 x 89 cm (35 x 27\u00a0<sup>1\/2<\/sup> in)<br \/>\n\ud83d\udcc5 Created:<br \/>\n\u200e\u200d\ud83c\udfa8 Original type: oil on wood<br \/>\n<b>\ud83d\udc7e <\/b>Period: Late Renaissance<br \/>\n\ud83d\udccd Locations of original:<\/p>\n<p>Obraz zobrazuj\u00faci \u017eenu so \u0161teniatkom nama\u013eoval Agnolo di Cosimo, naz\u00fdvan\u00fd ako Bronzino v obdob\u00ed umeleck\u00e9ho manierizmu. Aj va\u0161a tv\u00e1r m\u00f4\u017ee by\u0165 zobrazen\u00e1 na tomto majstrovskom diele. Vytvorte si v\u010faka Hero Paiting svoju vlastn\u00fa zbierku svetov\u00fdch maliarskych diel so svojou podobiz\u0148ou.<\/p>\n","protected":false},"featured_media":333,"comment_status":"open","ping_status":"closed","template":"","meta":[],"product_brand":[],"product_cat":[60],"product_tag":[],"class_list":{"0":"post-1055","1":"product","2":"type-product","3":"status-publish","4":"has-post-thumbnail","6":"product_cat-women-sk","7":"has-post-title","8":"has-post-date","9":"has-post-category","10":"has-post-tag","11":"has-post-comment","12":"has-post-author","13":"","15":"first","16":"instock","17":"sale","18":"shipping-taxable","19":"purchasable","20":"product-type-variable","21":"has-default-attributes"},"builder_content":"","_links":{"self":[{"href":"https:\/\/www.heropainting.eu\/sk\/wp-json\/wp\/v2\/product\/1055"}],"collection":[{"href":"https:\/\/www.heropainting.eu\/sk\/wp-json\/wp\/v2\/product"}],"about":[{"href":"https:\/\/www.heropainting.eu\/sk\/wp-json\/wp\/v2\/types\/product"}],"replies":[{"embeddable":true,"href":"https:\/\/www.heropainting.eu\/sk\/wp-json\/wp\/v2\/comments?post=1055"}],"wp:featuredmedia":[{"embeddable":true,"href":"https:\/\/www.heropainting.eu\/sk\/wp-json\/wp\/v2\/media\/333"}],"wp:attachment":[{"href":"https:\/\/www.heropainting.eu\/sk\/wp-json\/wp\/v2\/media?parent=1055"}],"wp:term":[{"taxonomy":"product_brand","embeddable":true,"href":"https:\/\/www.heropainting.eu\/sk\/wp-json\/wp\/v2\/product_brand?post=1055"},{"taxonomy":"product_cat","embeddable":true,"href":"https:\/\/www.heropainting.eu\/sk\/wp-json\/wp\/v2\/product_cat?post=1055"},{"taxonomy":"product_tag","embeddable":true,"href":"https:\/\/www.heropainting.eu\/sk\/wp-json\/wp\/v2\/product_tag?post=1055"}],"curies":[{"name":"wp","href":"https:\/\/api.w.org\/{rel}","templated":true}]}}