{"id":1041,"date":"2020-04-11T10:17:24","date_gmt":"2020-04-11T08:17:24","guid":{"rendered":"https:\/\/www.heropainting.eu\/painting\/creation-of-adam\/"},"modified":"2020-11-13T13:37:34","modified_gmt":"2020-11-13T12:37:34","slug":"creation-of-adam","status":"publish","type":"product","link":"https:\/\/www.heropainting.eu\/sk\/obrazy\/creation-of-adam\/","title":{"rendered":"Creation of Adam"},"content":{"rendered":"<!--themify_builder_content-->\n<div id=\"themify_builder_content-1041\" data-postid=\"1041\" class=\"themify_builder_content themify_builder_content-1041 themify_builder tf_clear\">\n                    <div  data-lazy=\"1\" class=\"module_row themify_builder_row tb_b20u880 tb_first tf_w\">\n                        <div class=\"row_inner col_align_top tb_col_count_1 tf_box tf_rel\">\n                        <div  data-lazy=\"1\" class=\"module_column tb-column col-full tb_26vg885 first\">\n                    <!-- module text -->\n<div  class=\"module module-text tb_uesf654   \" data-lazy=\"1\">\n        <div  class=\"tb_text_wrap\">\n        <h2><b>\u010co sa skr\u00fdva za obrazom:<\/b><\/h2>\n<p><span style=\"font-weight: 400;\">Vyma\u013eovanie Sixt\u00ednskej kaplnky trvalo Michelangelovi pribli\u017ene \u0161tyri roky (1508-1512). Zauj\u00edmavos\u0165ou je, \u017ee p\u00f4vodne bol poveren\u00fd nama\u013eova\u0165 Dvan\u00e1stich apo\u0161tolov na trojuholn\u00edkov\u00e9 pr\u00edvesy, ktor\u00e9 podopierali strop a stredn\u00fa \u010das\u0165 stropu mal zakry\u0165 ornamentom. Michelangelo presved\u010dil p\u00e1pe\u017ea J\u00faliusa, aby mu dal vo\u013en\u00fa ruku a mohol navrhn\u00fa\u0165 sch\u00e9mu, ktor\u00e1 predstavuje stvorenie, p\u00e1d \u010dloveka, pr\u00eds\u013eub sp\u00e1sy prostredn\u00edctvom prorokov a rodokme\u0148 Krista. Toto dielo je s\u00fa\u010das\u0165ou rozsiahlej\u0161ej sch\u00e9my v\u00fdzdoby kaplnky, ktor\u00e1 predstavuje ve\u013ek\u00fa \u010das\u0165 n\u00e1uky o katol\u00edckej cirkvi. Av\u0161ak pr\u00e1ve t\u00e1to ma\u013eba, Stvorenie Adama patr\u00ed medzi najsl\u00e1vnej\u0161ie ma\u013eby na strope Sixt\u00ednskej kaplnky. Nemus\u00edte mera\u0165 cestu do Sixt\u00ednskej kaplnky, aby ste videli t\u00fato ikonick\u00fa ma\u013ebu, v\u010faka Hero Paiting ju m\u00f4\u017eete ma\u0165 doma v origin\u00e1lnom preveden\u00ed s va\u0161ou podobiz\u0148ou.\u00a0<\/span><\/p>\n<p>\u00a0<\/p>\n<h2><b>O autorovi<\/b><\/h2>\n<p><b> <\/b><span style=\"font-weight: 400;\">Michelangelo di Lodovico Buonarroti Simoni (1475-1564) zn\u00e1my ako Michelangelo, bol taliansky soch\u00e1r, maliar, architekt a b\u00e1snik vrcholnej renesancie. Nieko\u013eko vedcov ho ozna\u010dilo za najv\u00e4\u010d\u0161ieho umelca svojej doby a dokonca za najv\u00e4\u010d\u0161ieho umelca v\u0161etk\u00fdch \u010dias. Vzh\u013eadom na jeho obrovsk\u00fd objem zachovanej kore\u0161pondencie, n\u00e1\u010drtov a reminiscenci\u00ed je najlep\u0161ie zdokumentovan\u00fdm umelcom 16.storo\u010dia. Michelangelo bol prv\u00fdm z\u00e1padn\u00fdm umelcom, ktor\u00e9ho biografia vy\u0161la e\u0161te za \u017eivota. Mno\u017estvo Michelangelov\u00fdch maliarskych, soch\u00e1rskych a architektonick\u00fdch diel patr\u00ed k najsl\u00e1vnej\u0161\u00edm v hist\u00f3rii. Teraz m\u00f4\u017eete ma\u0165 toto majstrovsk\u00e9 dielo aj vy doma a nie hocijak\u00e9, ale va\u0161e vlastn\u00e9 personalizovan\u00e9. <\/span><\/p>    <\/div>\n<\/div>\n<!-- \/module text -->        <\/div>\n                        <\/div>\n        <\/div>\n        <\/div>\n<!--\/themify_builder_content-->","protected":false},"excerpt":{"rendered":"<p>\ud83d\udc68\u200d\ud83c\udfa8 Artist: <a title=\"Michelangelo\" href=\"https:\/\/en.wikipedia.org\/wiki\/Michelangelo\">Michelangelo<\/a><br \/>\n\ud83d\uddbc\ufe0f Original Dimensions: 280\u00a0cm \u00d7\u00a0570\u00a0cm (9\u00a0ft 2\u00a0in \u00d7\u00a018\u00a0ft 8\u00a0in)<br \/>\n\ud83d\udcc5 Created: 1512<br \/>\n\u200e\u200d\ud83c\udfa8 Original type: Fresco<br \/>\n<b>\ud83d\udc7e <\/b>Period:<br \/>\n\ud83d\udccd Locations of original: <span style=\"font-weight: 400;\">Ceiling of the Sistine Chapel<\/span><\/p>\n<p>&nbsp;<\/p>\n<p><span style=\"font-weight: 400;\">Stvorenie Adama je freskov\u00e1 ma\u013eba od svetozn\u00e1meho umelca Michelangela. Je s\u00fa\u010das\u0165ou ve\u013ekolep\u00e9ho stropu Sixt\u00ednskej kaplnky. Zn\u00e1zor\u0148uje rozpr\u00e1vanie o biblickom stvoren\u00ed z knihy Genezis, v ktorom Boh d\u00e1va prv\u00e9mu \u010dloveku, Adamovi \u017eivot. Ma\u013eba takmer dot\u00fdkaj\u00facich sa r\u00fak Boha a Adama sa stala ikonou \u013eudstva. Michelangelovo stvorenie Adama je jedn\u00fdm z najreplikovanej\u0161\u00edch n\u00e1bo\u017eensk\u00fdch obrazov v\u0161etk\u00fdch \u010dias. Nechajte si aj vy vytvori\u0165 jednu repliku tohto svetozn\u00e1meho diela a verte, \u017ee to bude v\u010faka va\u0161ej podobizni naozaj origin\u00e1lny k\u00fasok.<\/span><\/p>\n","protected":false},"featured_media":276,"comment_status":"open","ping_status":"closed","template":"","meta":[],"product_brand":[],"product_cat":[61,54],"product_tag":[],"class_list":{"0":"post-1041","1":"product","2":"type-product","3":"status-publish","4":"has-post-thumbnail","6":"product_cat-couples-sk","7":"product_cat-men-sk","8":"has-post-title","9":"has-post-date","10":"has-post-category","11":"has-post-tag","12":"has-post-comment","13":"has-post-author","14":"","16":"first","17":"instock","18":"sale","19":"shipping-taxable","20":"purchasable","21":"product-type-variable","22":"has-default-attributes"},"builder_content":"<h2><b>\u010co sa skr\u00fdva za obrazom:<\/b><\/h2> <p>Vyma\u013eovanie Sixt\u00ednskej kaplnky trvalo Michelangelovi pribli\u017ene \u0161tyri roky (1508-1512). Zauj\u00edmavos\u0165ou je, \u017ee p\u00f4vodne bol poveren\u00fd nama\u013eova\u0165 Dvan\u00e1stich apo\u0161tolov na trojuholn\u00edkov\u00e9 pr\u00edvesy, ktor\u00e9 podopierali strop a stredn\u00fa \u010das\u0165 stropu mal zakry\u0165 ornamentom. Michelangelo presved\u010dil p\u00e1pe\u017ea J\u00faliusa, aby mu dal vo\u013en\u00fa ruku a mohol navrhn\u00fa\u0165 sch\u00e9mu, ktor\u00e1 predstavuje stvorenie, p\u00e1d \u010dloveka, pr\u00eds\u013eub sp\u00e1sy prostredn\u00edctvom prorokov a rodokme\u0148 Krista. Toto dielo je s\u00fa\u010das\u0165ou rozsiahlej\u0161ej sch\u00e9my v\u00fdzdoby kaplnky, ktor\u00e1 predstavuje ve\u013ek\u00fa \u010das\u0165 n\u00e1uky o katol\u00edckej cirkvi. Av\u0161ak pr\u00e1ve t\u00e1to ma\u013eba, Stvorenie Adama patr\u00ed medzi najsl\u00e1vnej\u0161ie ma\u013eby na strope Sixt\u00ednskej kaplnky. Nemus\u00edte mera\u0165 cestu do Sixt\u00ednskej kaplnky, aby ste videli t\u00fato ikonick\u00fa ma\u013ebu, v\u010faka Hero Paiting ju m\u00f4\u017eete ma\u0165 doma v origin\u00e1lnom preveden\u00ed s va\u0161ou podobiz\u0148ou.\u00a0<\/p> <p>\u00a0<\/p> <h2><b>O autorovi<\/b><\/h2> <p><b> <\/b>Michelangelo di Lodovico Buonarroti Simoni (1475-1564) zn\u00e1my ako Michelangelo, bol taliansky soch\u00e1r, maliar, architekt a b\u00e1snik vrcholnej renesancie. Nieko\u013eko vedcov ho ozna\u010dilo za najv\u00e4\u010d\u0161ieho umelca svojej doby a dokonca za najv\u00e4\u010d\u0161ieho umelca v\u0161etk\u00fdch \u010dias. Vzh\u013eadom na jeho obrovsk\u00fd objem zachovanej kore\u0161pondencie, n\u00e1\u010drtov a reminiscenci\u00ed je najlep\u0161ie zdokumentovan\u00fdm umelcom 16.storo\u010dia. Michelangelo bol prv\u00fdm z\u00e1padn\u00fdm umelcom, ktor\u00e9ho biografia vy\u0161la e\u0161te za \u017eivota. Mno\u017estvo Michelangelov\u00fdch maliarskych, soch\u00e1rskych a architektonick\u00fdch diel patr\u00ed k najsl\u00e1vnej\u0161\u00edm v hist\u00f3rii. Teraz m\u00f4\u017eete ma\u0165 toto majstrovsk\u00e9 dielo aj vy doma a nie hocijak\u00e9, ale va\u0161e vlastn\u00e9 personalizovan\u00e9. <\/p>","_links":{"self":[{"href":"https:\/\/www.heropainting.eu\/sk\/wp-json\/wp\/v2\/product\/1041"}],"collection":[{"href":"https:\/\/www.heropainting.eu\/sk\/wp-json\/wp\/v2\/product"}],"about":[{"href":"https:\/\/www.heropainting.eu\/sk\/wp-json\/wp\/v2\/types\/product"}],"replies":[{"embeddable":true,"href":"https:\/\/www.heropainting.eu\/sk\/wp-json\/wp\/v2\/comments?post=1041"}],"wp:featuredmedia":[{"embeddable":true,"href":"https:\/\/www.heropainting.eu\/sk\/wp-json\/wp\/v2\/media\/276"}],"wp:attachment":[{"href":"https:\/\/www.heropainting.eu\/sk\/wp-json\/wp\/v2\/media?parent=1041"}],"wp:term":[{"taxonomy":"product_brand","embeddable":true,"href":"https:\/\/www.heropainting.eu\/sk\/wp-json\/wp\/v2\/product_brand?post=1041"},{"taxonomy":"product_cat","embeddable":true,"href":"https:\/\/www.heropainting.eu\/sk\/wp-json\/wp\/v2\/product_cat?post=1041"},{"taxonomy":"product_tag","embeddable":true,"href":"https:\/\/www.heropainting.eu\/sk\/wp-json\/wp\/v2\/product_tag?post=1041"}],"curies":[{"name":"wp","href":"https:\/\/api.w.org\/{rel}","templated":true}]}}