{"id":1027,"date":"2020-04-11T10:21:12","date_gmt":"2020-04-11T08:21:12","guid":{"rendered":"https:\/\/www.heropainting.eu\/painting\/sultan-abdulmecid\/"},"modified":"2020-11-13T15:43:32","modified_gmt":"2020-11-13T14:43:32","slug":"sultan-abdulmecid","status":"publish","type":"product","link":"https:\/\/www.heropainting.eu\/sk\/obrazy\/sultan-abdulmecid\/","title":{"rendered":"Sultan Abdulmecid"},"content":{"rendered":"<!--themify_builder_content-->\n<div id=\"themify_builder_content-1027\" data-postid=\"1027\" class=\"themify_builder_content themify_builder_content-1027 themify_builder tf_clear\">\n    <\/div>\n<!--\/themify_builder_content-->\n","protected":false},"excerpt":{"rendered":"<p>\ud83d\udc68\u200d\ud83c\udfa8 Artist: Unknown author<br \/>\n\ud83d\uddbc\ufe0f Original Dimensions: 81.5 x 60 cm (32 x 23.6 in)<br \/>\n\ud83d\udcc5 Created: 1609<br \/>\n\u200e\u200d\ud83c\udfa8 Original type: oil on canvas<br \/>\n<b>\ud83d\udc7e <\/b>Period:<br \/>\n\ud83d\udccd Locations of original:<\/p>\n<p>&nbsp;<\/p>\n<p>Abd\u00fclmecid I. bol sult\u00e1nom Osmanskej r\u00ed\u0161e v rokoch 1839 a\u017e 1861. Jeho mocn\u00e1 vl\u00e1da bola pozna\u010den\u00e1 vzostupom nacionalistick\u00fdch hnut\u00ed na \u00fazem\u00ed Osmanskej r\u00ed\u0161e. Abd\u00fclmecid chcel povzbudi\u0165 osmanstvo medzi secesionistick\u00fdmi poddansk\u00fdmi n\u00e1rodmi a chcel zastavi\u0165 vzostup nacionalistick\u00fdch hnut\u00ed v r\u00ed\u0161i. Av\u0161ak nepodarilo sa mu to, napriek snahe d\u00f4kladnej\u0161ie integrova\u0165 nemoslimov do osmanskej spolo\u010dnosti s nov\u00fdmi z\u00e1konmi a reformami. Pok\u00fasil sa aj nadviaza\u0165 spojenectvo s hlavn\u00fdmi mocnos\u0165ami z\u00e1padnej Eur\u00f3py, ako napr\u00edklad so Spojen\u00fdm kr\u00e1\u013eovstvom a Franc\u00fazskom, ktor\u00e9 bojovali popri Osmanskej r\u00ed\u0161i v krymskej vojne proti Rusku. Aj vy m\u00f4\u017eete ma\u0165 doma toto umeleck\u00e9 dielo a nie hocijak\u00e9, ale va\u0161e vlastn\u00e9 personalizovan\u00e9.<\/p>\n","protected":false},"featured_media":329,"comment_status":"open","ping_status":"closed","template":"","meta":[],"product_brand":[],"product_cat":[54],"product_tag":[],"class_list":{"0":"post-1027","1":"product","2":"type-product","3":"status-publish","4":"has-post-thumbnail","6":"product_cat-men-sk","7":"has-post-title","8":"has-post-date","9":"has-post-category","10":"has-post-tag","11":"has-post-comment","12":"has-post-author","13":"","15":"first","16":"instock","17":"sale","18":"shipping-taxable","19":"purchasable","20":"product-type-variable","21":"has-default-attributes"},"builder_content":"","_links":{"self":[{"href":"https:\/\/www.heropainting.eu\/sk\/wp-json\/wp\/v2\/product\/1027"}],"collection":[{"href":"https:\/\/www.heropainting.eu\/sk\/wp-json\/wp\/v2\/product"}],"about":[{"href":"https:\/\/www.heropainting.eu\/sk\/wp-json\/wp\/v2\/types\/product"}],"replies":[{"embeddable":true,"href":"https:\/\/www.heropainting.eu\/sk\/wp-json\/wp\/v2\/comments?post=1027"}],"wp:featuredmedia":[{"embeddable":true,"href":"https:\/\/www.heropainting.eu\/sk\/wp-json\/wp\/v2\/media\/329"}],"wp:attachment":[{"href":"https:\/\/www.heropainting.eu\/sk\/wp-json\/wp\/v2\/media?parent=1027"}],"wp:term":[{"taxonomy":"product_brand","embeddable":true,"href":"https:\/\/www.heropainting.eu\/sk\/wp-json\/wp\/v2\/product_brand?post=1027"},{"taxonomy":"product_cat","embeddable":true,"href":"https:\/\/www.heropainting.eu\/sk\/wp-json\/wp\/v2\/product_cat?post=1027"},{"taxonomy":"product_tag","embeddable":true,"href":"https:\/\/www.heropainting.eu\/sk\/wp-json\/wp\/v2\/product_tag?post=1027"}],"curies":[{"name":"wp","href":"https:\/\/api.w.org\/{rel}","templated":true}]}}