{"id":1013,"date":"2020-04-11T10:24:43","date_gmt":"2020-04-11T08:24:43","guid":{"rendered":"https:\/\/www.heropainting.eu\/painting\/marie-leszczinska\/"},"modified":"2020-11-15T07:39:58","modified_gmt":"2020-11-15T06:39:58","slug":"marie-leszczinska","status":"publish","type":"product","link":"https:\/\/www.heropainting.eu\/sk\/obrazy\/marie-leszczinska\/","title":{"rendered":"Marie Leszczinska"},"content":{"rendered":"<!--themify_builder_content-->\n<div id=\"themify_builder_content-1013\" data-postid=\"1013\" class=\"themify_builder_content themify_builder_content-1013 themify_builder tf_clear\">\n                    <div  data-lazy=\"1\" class=\"module_row themify_builder_row tb_6urm356 tb_first tf_w\">\n                        <div class=\"row_inner col_align_top tb_col_count_1 tf_box tf_rel\">\n                        <div  data-lazy=\"1\" class=\"module_column tb-column col-full tb_mjke358 first\">\n                    <!-- module text -->\n<div  class=\"module module-text tb_nmzg362   \" data-lazy=\"1\">\n        <div  class=\"tb_text_wrap\">\n        <p><span style=\"font-weight: 400;\">Maria Karolina Zofia Felicja Leszczy\u0144ska, zn\u00e1ma ako Marie Leczinska bola <\/span><a href=\"https:\/\/en.wikipedia.org\/wiki\/Kr%C3%B3lewicz\" target=\"_blank\" rel=\"noopener\"><span style=\"font-weight: 400;\">po\u013esk\u00e1 princezn\u00e1<\/span><\/a><span style=\"font-weight: 400;\"> a <\/span><a href=\"https:\/\/en.wikipedia.org\/wiki\/Queen_consort_of_France\" target=\"_blank\" rel=\"noopener\"><span style=\"font-weight: 400;\">kr\u00e1\u013eovn\u00e1 vo Franc\u00fazsku<\/span><\/a><span style=\"font-weight: 400;\"> od roku 1725 a\u017e do roku 1768. Bola dc\u00e9ra po\u013esk\u00e9ho kr\u00e1\u013ea <\/span><a href=\"https:\/\/en.wikipedia.org\/wiki\/Stanislaus_I_of_Poland\" target=\"_blank\" rel=\"noopener\"><span style=\"font-weight: 400;\">Stanislava I.<\/span><\/a><span style=\"font-weight: 400;\"> a <\/span><a href=\"https:\/\/en.wikipedia.org\/wiki\/Catherine_Opali%C5%84ska\" target=\"_blank\" rel=\"noopener\"><span style=\"font-weight: 400;\">Katar\u00edny Opali\u0144skej<\/span><\/a><span style=\"font-weight: 400;\">. Marie, ktor\u00e1 bola po cel\u00fd svoj \u017eivot oddan\u00e1 <\/span><a href=\"https:\/\/en.wikipedia.org\/wiki\/Roman_Catholic\" target=\"_blank\" rel=\"noopener\"><span style=\"font-weight: 400;\">r\u00edmska katol\u00ed\u010dka<\/span><\/a><span style=\"font-weight: 400;\">, bola medzi franc\u00fazskym \u013eu\u010fom ob\u013e\u00faben\u00e1 pre svoju \u0161tedros\u0165. Sta\u0148te sa aj\u00a0 vy v\u010faka Hero Paiting ob\u013e\u00fabenou franc\u00fazskou kr\u00e1\u013eovnou.\u00a0<\/span><\/p>\n<p>\u00a0<\/p>\n<h2><b>O autorovi:<\/b><\/h2>\n<p><span style=\"font-weight: 400;\">Carle alebo Charles-Andr\u00e9 van Loo (1705-1765) bol <\/span><a href=\"https:\/\/en.wikipedia.org\/wiki\/France\" target=\"_blank\" rel=\"noopener\"><span style=\"font-weight: 400;\">franc\u00fazsky<\/span><\/a> <a href=\"https:\/\/en.wikipedia.org\/wiki\/Painting\" target=\"_blank\" rel=\"noopener\"><span style=\"font-weight: 400;\">maliar<\/span><\/a><span style=\"font-weight: 400;\">. Bol najsl\u00e1vnej\u0161\u00edm \u010dlenom \u00faspe\u0161nej dynastie maliarov <\/span><a href=\"https:\/\/en.wikipedia.org\/wiki\/Netherlands\" target=\"_blank\" rel=\"noopener\"><span style=\"font-weight: 400;\">holandsk\u00e9ho<\/span><\/a><span style=\"font-weight: 400;\"> p\u00f4vodu. Jeho tvorba zah\u0155\u0148a v\u0161etky kateg\u00f3rie: n\u00e1bo\u017eenstvo, <\/span><a href=\"https:\/\/en.wikipedia.org\/wiki\/History_painting\" target=\"_blank\" rel=\"noopener\"><span style=\"font-weight: 400;\">historick\u00fa ma\u013ebu<\/span><\/a><span style=\"font-weight: 400;\"> , mytol\u00f3giu, portr\u00e9t, aleg\u00f3riu a <\/span><a href=\"https:\/\/en.wikipedia.org\/wiki\/Genre_works\" target=\"_blank\" rel=\"noopener\"><span style=\"font-weight: 400;\">\u017e\u00e1nrov\u00e9<\/span><\/a><span style=\"font-weight: 400;\"> sc\u00e9ny. Jeho diela boli typick\u00e9 jednoduchos\u0165ou a jeho kvalita a rozmanitos\u0165 pr\u00e1c vzbudzuj\u00fa re\u0161pekt dodnes. <\/span><\/p>    <\/div>\n<\/div>\n<!-- \/module text -->        <\/div>\n                        <\/div>\n        <\/div>\n        <\/div>\n<!--\/themify_builder_content-->","protected":false},"excerpt":{"rendered":"<p>\ud83d\udc68\u200d\ud83c\udfa8 Artist: <a title=\"Charles-Andr\u00e9 van Loo\" href=\"https:\/\/en.wikipedia.org\/wiki\/Charles-Andr%C3%A9_van_Loo\">Charles van Loo<\/a><br \/>\n\ud83d\uddbc\ufe0f Original Dimensions: 274 x 193 cm (107.8 x 75.9 in)<br \/>\n\ud83d\udcc5 Created: 1747<br \/>\n\u200e\u200d\ud83c\udfa8 Original type: oil on canvas<br \/>\n<b>\ud83d\udc7e <\/b>Period:<br \/>\n\ud83d\udccd Locations of original:<\/p>\n","protected":false},"featured_media":555,"comment_status":"open","ping_status":"closed","template":"","meta":[],"product_brand":[],"product_cat":[60],"product_tag":[],"class_list":{"0":"post-1013","1":"product","2":"type-product","3":"status-publish","4":"has-post-thumbnail","6":"product_cat-women-sk","7":"has-post-title","8":"has-post-date","9":"has-post-category","10":"has-post-tag","11":"has-post-comment","12":"has-post-author","13":"","15":"first","16":"instock","17":"sale","18":"shipping-taxable","19":"purchasable","20":"product-type-variable","21":"has-default-attributes"},"builder_content":"<p>Maria Karolina Zofia Felicja Leszczy\u0144ska, zn\u00e1ma ako Marie Leczinska bola <a href=\"https:\/\/en.wikipedia.org\/wiki\/Kr%C3%B3lewicz\">po\u013esk\u00e1 princezn\u00e1<\/a> a <a href=\"https:\/\/en.wikipedia.org\/wiki\/Queen_consort_of_France\">kr\u00e1\u013eovn\u00e1 vo Franc\u00fazsku<\/a> od roku 1725 a\u017e do roku 1768. Bola dc\u00e9ra po\u013esk\u00e9ho kr\u00e1\u013ea <a href=\"https:\/\/en.wikipedia.org\/wiki\/Stanislaus_I_of_Poland\">Stanislava I.<\/a> a <a href=\"https:\/\/en.wikipedia.org\/wiki\/Catherine_Opali%C5%84ska\">Katar\u00edny Opali\u0144skej<\/a>. Marie, ktor\u00e1 bola po cel\u00fd svoj \u017eivot oddan\u00e1 <a href=\"https:\/\/en.wikipedia.org\/wiki\/Roman_Catholic\">r\u00edmska katol\u00ed\u010dka<\/a>, bola medzi franc\u00fazskym \u013eu\u010fom ob\u013e\u00faben\u00e1 pre svoju \u0161tedros\u0165. Sta\u0148te sa aj\u00a0 vy v\u010faka Hero Paiting ob\u013e\u00fabenou franc\u00fazskou kr\u00e1\u013eovnou.\u00a0<\/p> <p>\u00a0<\/p> <h2><b>O autorovi:<\/b><\/h2> <p>Carle alebo Charles-Andr\u00e9 van Loo (1705-1765) bol <a href=\"https:\/\/en.wikipedia.org\/wiki\/France\">franc\u00fazsky<\/a> <a href=\"https:\/\/en.wikipedia.org\/wiki\/Painting\">maliar<\/a>. Bol najsl\u00e1vnej\u0161\u00edm \u010dlenom \u00faspe\u0161nej dynastie maliarov <a href=\"https:\/\/en.wikipedia.org\/wiki\/Netherlands\">holandsk\u00e9ho<\/a> p\u00f4vodu. Jeho tvorba zah\u0155\u0148a v\u0161etky kateg\u00f3rie: n\u00e1bo\u017eenstvo, <a href=\"https:\/\/en.wikipedia.org\/wiki\/History_painting\">historick\u00fa ma\u013ebu<\/a> , mytol\u00f3giu, portr\u00e9t, aleg\u00f3riu a <a href=\"https:\/\/en.wikipedia.org\/wiki\/Genre_works\">\u017e\u00e1nrov\u00e9<\/a> sc\u00e9ny. Jeho diela boli typick\u00e9 jednoduchos\u0165ou a jeho kvalita a rozmanitos\u0165 pr\u00e1c vzbudzuj\u00fa re\u0161pekt dodnes. <\/p>","_links":{"self":[{"href":"https:\/\/www.heropainting.eu\/sk\/wp-json\/wp\/v2\/product\/1013"}],"collection":[{"href":"https:\/\/www.heropainting.eu\/sk\/wp-json\/wp\/v2\/product"}],"about":[{"href":"https:\/\/www.heropainting.eu\/sk\/wp-json\/wp\/v2\/types\/product"}],"replies":[{"embeddable":true,"href":"https:\/\/www.heropainting.eu\/sk\/wp-json\/wp\/v2\/comments?post=1013"}],"wp:featuredmedia":[{"embeddable":true,"href":"https:\/\/www.heropainting.eu\/sk\/wp-json\/wp\/v2\/media\/555"}],"wp:attachment":[{"href":"https:\/\/www.heropainting.eu\/sk\/wp-json\/wp\/v2\/media?parent=1013"}],"wp:term":[{"taxonomy":"product_brand","embeddable":true,"href":"https:\/\/www.heropainting.eu\/sk\/wp-json\/wp\/v2\/product_brand?post=1013"},{"taxonomy":"product_cat","embeddable":true,"href":"https:\/\/www.heropainting.eu\/sk\/wp-json\/wp\/v2\/product_cat?post=1013"},{"taxonomy":"product_tag","embeddable":true,"href":"https:\/\/www.heropainting.eu\/sk\/wp-json\/wp\/v2\/product_tag?post=1013"}],"curies":[{"name":"wp","href":"https:\/\/api.w.org\/{rel}","templated":true}]}}