{"id":980,"date":"2020-03-27T08:48:09","date_gmt":"2020-03-27T07:48:09","guid":{"rendered":"https:\/\/www.heropainting.eu\/delivery-information\/"},"modified":"2020-11-26T21:38:45","modified_gmt":"2020-11-26T20:38:45","slug":"dorucenie","status":"publish","type":"page","link":"https:\/\/www.heropainting.eu\/sk\/dorucenie\/","title":{"rendered":"Doru\u010denie"},"content":{"rendered":"<!--themify_builder_content-->\n<div id=\"themify_builder_content-980\" data-postid=\"980\" class=\"themify_builder_content themify_builder_content-980 themify_builder tf_clear\">\n                    <div  data-lazy=\"1\" class=\"module_row themify_builder_row tb_ub0p990 tb_first tf_w\">\n                        <div class=\"row_inner col_align_top tb_col_count_2 tf_box tf_rel\">\n                        <div  data-lazy=\"1\" class=\"module_column tb-column col3-2 tb_23kv991 first\">\n                            <\/div>\n                    <div  data-lazy=\"1\" class=\"module_column tb-column col3-1 tb_6d79994 last\">\n                            <\/div>\n                        <\/div>\n        <\/div>\n                        <div  data-css_id=\"uag5248\" data-lazy=\"1\" class=\"module_row themify_builder_row fullwidth tb_uag5248 tf_w\">\n                        <div class=\"row_inner gutter-none col_align_top tb_col_count_3 tf_box tf_rel\">\n                        <div  data-lazy=\"1\" class=\"module_column tb-column col4-1 tb_zu4b249 first\">\n                            <\/div>\n                    <div  data-lazy=\"1\" class=\"module_column tb-column col4-2 tb_rjgt719\">\n                    <!-- module text -->\n<div  class=\"module module-text tb_1mjw741   \" data-lazy=\"1\">\n        <div  class=\"tb_text_wrap\">\n        <div id=\"articleContainer\">\n<article class=\"Article\">\n<div class=\"Container pb60\">\n<h1 class=\"Heading Heading--big notMoveH1\">Sp\u00f4sob dopravy<\/h1>\n<section class=\"TableBox TableBox--w100p mt40\">\n<div class=\"TableBox-leftColumn\">\n<h3 class=\"Section-heading Section-heading--smallest\">V r\u00e1mci EU<\/h3>\n<\/div>\n<div class=\"TableBox-rightColumn\">\n<ul class=\"ForwardList\">\n<li>Doru\u010denie do 1-7 pracovn\u00fdch dn\u00ed po ods\u00fahlasen\u00ed fin\u00e1lnej \u00fapravy obrazu.\u00a0<\/li>\n<li>D\u00e1tum doru\u010denia sa dozviete emailom po\u010das tvorby v\u00e1\u0161ho obrazu.<\/li>\n<li>Platba je mo\u017en\u00e1 len kartou\u00a0<\/li>\n<li>Obraz nem\u00f4\u017ee by\u0165 doru\u010den\u00fd po\u010das v\u00edkendu a sviatkov (spolo\u010dnos\u0165 GLS prepravuje len cez pracovn\u00e9 dni)<\/li>\n<\/ul>\n<\/div>\n<\/section>\n<\/div>\n<\/article>\n<\/div>    <\/div>\n<\/div>\n<!-- \/module text -->        <\/div>\n                    <div  data-lazy=\"1\" class=\"module_column tb-column col4-1 tb_4yfm719 last\">\n                            <\/div>\n                        <\/div>\n        <\/div>\n        <\/div>\n<!--\/themify_builder_content-->","protected":false},"excerpt":{"rendered":"<p>Sp\u00f4sob dopravy V r\u00e1mci EU Doru\u010denie do 1-7 pracovn\u00fdch dn\u00ed po ods\u00fahlasen\u00ed fin\u00e1lnej \u00fapravy obrazu.\u00a0 D\u00e1tum doru\u010denia sa dozviete emailom po\u010das tvorby v\u00e1\u0161ho obrazu. Platba je mo\u017en\u00e1 len kartou\u00a0 Obraz nem\u00f4\u017ee by\u0165 doru\u010den\u00fd po\u010das v\u00edkendu a sviatkov (spolo\u010dnos\u0165 GLS prepravuje len cez pracovn\u00e9 dni)<\/p>\n","protected":false},"author":1,"featured_media":0,"parent":0,"menu_order":0,"comment_status":"closed","ping_status":"closed","template":"","meta":{"footnotes":""},"class_list":["post-980","page","type-page","status-publish","hentry","has-post-title","has-post-date","has-post-category","has-post-tag","has-post-comment","has-post-author",""],"builder_content":"<article>\n<h1>Sp\u00f4sob dopravy<\/h1> <section>\n<h3>V r\u00e1mci EU<\/h3>\n<ul> <li>Doru\u010denie do 1-7 pracovn\u00fdch dn\u00ed po ods\u00fahlasen\u00ed fin\u00e1lnej \u00fapravy obrazu.\u00a0<\/li> <li>D\u00e1tum doru\u010denia sa dozviete emailom po\u010das tvorby v\u00e1\u0161ho obrazu.<\/li> <li>Platba je mo\u017en\u00e1 len kartou\u00a0<\/li> <li>Obraz nem\u00f4\u017ee by\u0165 doru\u010den\u00fd po\u010das v\u00edkendu a sviatkov (spolo\u010dnos\u0165 GLS prepravuje len cez pracovn\u00e9 dni)<\/li> <\/ul>\n<\/section>\n<\/article>","_links":{"self":[{"href":"https:\/\/www.heropainting.eu\/sk\/wp-json\/wp\/v2\/pages\/980"}],"collection":[{"href":"https:\/\/www.heropainting.eu\/sk\/wp-json\/wp\/v2\/pages"}],"about":[{"href":"https:\/\/www.heropainting.eu\/sk\/wp-json\/wp\/v2\/types\/page"}],"author":[{"embeddable":true,"href":"https:\/\/www.heropainting.eu\/sk\/wp-json\/wp\/v2\/users\/1"}],"replies":[{"embeddable":true,"href":"https:\/\/www.heropainting.eu\/sk\/wp-json\/wp\/v2\/comments?post=980"}],"version-history":[{"count":0,"href":"https:\/\/www.heropainting.eu\/sk\/wp-json\/wp\/v2\/pages\/980\/revisions"}],"wp:attachment":[{"href":"https:\/\/www.heropainting.eu\/sk\/wp-json\/wp\/v2\/media?parent=980"}],"curies":[{"name":"wp","href":"https:\/\/api.w.org\/{rel}","templated":true}]}}