{"id":977,"date":"2020-03-28T16:01:31","date_gmt":"2020-03-28T15:01:31","guid":{"rendered":"https:\/\/www.heropainting.eu\/payment\/"},"modified":"2020-11-26T21:29:24","modified_gmt":"2020-11-26T20:29:24","slug":"platby","status":"publish","type":"page","link":"https:\/\/www.heropainting.eu\/sk\/platby\/","title":{"rendered":"Platby"},"content":{"rendered":"<!--themify_builder_content-->\n<div id=\"themify_builder_content-977\" data-postid=\"977\" class=\"themify_builder_content themify_builder_content-977 themify_builder tf_clear\">\n                    <div  data-lazy=\"1\" class=\"module_row themify_builder_row tb_yw92997 tb_first tf_w\">\n                        <div class=\"row_inner col_align_top tb_col_count_1 tf_box tf_rel\">\n                        <div  data-lazy=\"1\" class=\"module_column tb-column col-full tb_kgr6998 first\">\n                    <!-- module text -->\n<div  class=\"module module-text tb_1mjw741   \" data-lazy=\"1\">\n        <div  class=\"tb_text_wrap\">\n        <div id=\"articleContainer\">\n<article class=\"Article\">\n<div class=\"Container pb60\">\n<div id=\"h1c\">\n<h1>Mo\u017enosti platby<\/h1>\n<\/div>\n<div id=\"articlePage\" class=\"article\" data-aid=\"10097\">\n<p>Pla\u0165te kartou, ktor\u00e1 m\u00e1 povolen\u00e9 platby na internete. Prenos je \u0161ifrovan\u00fd a bezpe\u010dn\u00fd. Kartu si m\u00f4\u017eete v nastaveniach \u00fa\u010dtu ulo\u017ei\u0165 aj pre \u010fal\u0161ie platby. Pre platbu online mus\u00ed by\u0165 karta vydan\u00e1 v E\u00da. Platba kartou je sprostredkovan\u00e1 cez \u0161ifrovan\u00fa platobn\u00fa br\u00e1nu Stripe<\/p>\n<\/div>\n<\/div>\n<\/article>\n<\/div>    <\/div>\n<\/div>\n<!-- \/module text -->        <\/div>\n                        <\/div>\n        <\/div>\n        <\/div>\n<!--\/themify_builder_content-->","protected":false},"excerpt":{"rendered":"<p>Mo\u017enosti platby Pla\u0165te kartou, ktor\u00e1 m\u00e1 povolen\u00e9 platby na internete. Prenos je \u0161ifrovan\u00fd a bezpe\u010dn\u00fd. Kartu si m\u00f4\u017eete v nastaveniach \u00fa\u010dtu ulo\u017ei\u0165 aj pre \u010fal\u0161ie platby. Pre platbu online mus\u00ed by\u0165 karta vydan\u00e1 v E\u00da. Platba kartou je sprostredkovan\u00e1 cez \u0161ifrovan\u00fa platobn\u00fa br\u00e1nu Stripe<\/p>\n","protected":false},"author":1,"featured_media":0,"parent":0,"menu_order":0,"comment_status":"closed","ping_status":"closed","template":"","meta":{"footnotes":""},"class_list":["post-977","page","type-page","status-publish","hentry","has-post-title","has-post-date","has-post-category","has-post-tag","has-post-comment","has-post-author",""],"builder_content":"<article>\n<h1>Mo\u017enosti platby<\/h1>\n<p>Pla\u0165te kartou, ktor\u00e1 m\u00e1 povolen\u00e9 platby na internete. Prenos je \u0161ifrovan\u00fd a bezpe\u010dn\u00fd. Kartu si m\u00f4\u017eete v nastaveniach \u00fa\u010dtu ulo\u017ei\u0165 aj pre \u010fal\u0161ie platby. Pre platbu online mus\u00ed by\u0165 karta vydan\u00e1 v E\u00da. Platba kartou je sprostredkovan\u00e1 cez \u0161ifrovan\u00fa platobn\u00fa br\u00e1nu Stripe<\/p>\n<\/article>","_links":{"self":[{"href":"https:\/\/www.heropainting.eu\/sk\/wp-json\/wp\/v2\/pages\/977"}],"collection":[{"href":"https:\/\/www.heropainting.eu\/sk\/wp-json\/wp\/v2\/pages"}],"about":[{"href":"https:\/\/www.heropainting.eu\/sk\/wp-json\/wp\/v2\/types\/page"}],"author":[{"embeddable":true,"href":"https:\/\/www.heropainting.eu\/sk\/wp-json\/wp\/v2\/users\/1"}],"replies":[{"embeddable":true,"href":"https:\/\/www.heropainting.eu\/sk\/wp-json\/wp\/v2\/comments?post=977"}],"version-history":[{"count":0,"href":"https:\/\/www.heropainting.eu\/sk\/wp-json\/wp\/v2\/pages\/977\/revisions"}],"wp:attachment":[{"href":"https:\/\/www.heropainting.eu\/sk\/wp-json\/wp\/v2\/media?parent=977"}],"curies":[{"name":"wp","href":"https:\/\/api.w.org\/{rel}","templated":true}]}}