{"id":974,"date":"2020-04-04T10:41:02","date_gmt":"2020-04-04T08:41:02","guid":{"rendered":"https:\/\/www.heropainting.eu\/materials\/"},"modified":"2020-11-30T20:34:11","modified_gmt":"2020-11-30T19:34:11","slug":"materialy","status":"publish","type":"page","link":"https:\/\/www.heropainting.eu\/sk\/materialy\/","title":{"rendered":"Materi\u00e1ly"},"content":{"rendered":"<!--themify_builder_content-->\n<div id=\"themify_builder_content-974\" data-postid=\"974\" class=\"themify_builder_content themify_builder_content-974 themify_builder tf_clear\">\n                    <div  data-lazy=\"1\" class=\"module_row themify_builder_row tb_1t69222 tb_first tf_w\">\n                        <div class=\"row_inner col_align_top tb_col_count_1 tf_box tf_rel\">\n                        <div  data-lazy=\"1\" class=\"module_column tb-column col-full tb_oofu222 first\">\n                    <!-- module text -->\n<div  class=\"module module-text tb_94ar223   \" data-lazy=\"1\">\n        <div  class=\"tb_text_wrap\">\n        <h2 style=\"text-align: center;\">Materi\u00e1ly a kvalita<\/h2>    <\/div>\n<\/div>\n<!-- \/module text -->        <div  data-lazy=\"1\" class=\"module_subrow themify_builder_sub_row tf_w col_align_top tb_col_count_3 tb_cjyd223\">\n                <div  data-lazy=\"1\" class=\"module_column sub_column col3-1 tb_9sio223 first\">\n                    <!-- module text -->\n<div  class=\"module module-text tb_yt4w224   \" data-lazy=\"1\">\n        <div  class=\"tb_text_wrap\">\n        <h3 style=\"text-align: center;\">100% BAVLNEN\u00c9 PL\u00c1TNO<\/h3>    <\/div>\n<\/div>\n<!-- \/module text --><!-- module image -->\n<div  class=\"module module-image tb_keo5224 image-center circle  tf_mw\" data-lazy=\"1\">\n        <div class=\"image-wrap tf_rel tf_mw\">\n            <img loading=\"lazy\" decoding=\"async\" src=\"https:\/\/www.heropainting.eu\/wp-content\/uploads\/2020\/04\/cotton-canvas-for-painting-detail-250x250.jpg\" width=\"250\" height=\"250\" class=\"wp-post-image wp-image-84\" title=\"cotton-canvas-for-painting-detail\" alt=\"cotton-canvas-for-painting-detail\" srcset=\"https:\/\/www.heropainting.eu\/wp-content\/uploads\/2020\/04\/cotton-canvas-for-painting-detail-250x250.jpg 250w, https:\/\/www.heropainting.eu\/wp-content\/uploads\/2020\/04\/cotton-canvas-for-painting-detail-300x300.jpg 300w, https:\/\/www.heropainting.eu\/wp-content\/uploads\/2020\/04\/cotton-canvas-for-painting-detail-150x150.jpg 150w, https:\/\/www.heropainting.eu\/wp-content\/uploads\/2020\/04\/cotton-canvas-for-painting-detail-100x100.jpg 100w, https:\/\/www.heropainting.eu\/wp-content\/uploads\/2020\/04\/cotton-canvas-for-painting-detail.jpg 500w\" sizes=\"(max-width: 250px) 100vw, 250px\" \/>    \n        <\/div>\n    <!-- \/image-wrap -->\n    \n        <\/div>\n<!-- \/module image --><!-- module text -->\n<div  class=\"module module-text tb_qblq224   \" data-lazy=\"1\">\n        <div  class=\"tb_text_wrap\">\n        <div class=\"mf-col-materials\">\n<div class=\"mf-col-mat-text\">\n<p class=\"p1\" style=\"text-align: center;\">Obraz m\u00e1 \u0161trukt\u00faru ako v m\u00fazeu (graficky vytvoren\u00e1)<\/p>\n<\/div>\n<\/div>    <\/div>\n<\/div>\n<!-- \/module text -->        <\/div>\n                    <div  data-lazy=\"1\" class=\"module_column sub_column col3-1 tb_im6v224\">\n                    <!-- module text -->\n<div  class=\"module module-text tb_sqhv224   \" data-lazy=\"1\">\n        <div  class=\"tb_text_wrap\">\n        <h3 class=\"p1\" style=\"text-align: center;\">\u00da\u017dASN\u00c9 FARBY<\/h3>    <\/div>\n<\/div>\n<!-- \/module text --><!-- module image -->\n<div  class=\"module module-image tb_rgez224 image-center circle  tf_mw\" data-lazy=\"1\">\n        <div class=\"image-wrap tf_rel tf_mw\">\n            <img loading=\"lazy\" decoding=\"async\" src=\"https:\/\/www.heropainting.eu\/wp-content\/uploads\/2020\/04\/funny-portrait-details-color-1-250x250.jpg\" width=\"250\" height=\"250\" class=\"wp-post-image wp-image-296\" title=\"funny-portrait-details-color\" alt=\"funny-portrait-details-color\" srcset=\"https:\/\/www.heropainting.eu\/wp-content\/uploads\/2020\/04\/funny-portrait-details-color-1-250x250.jpg 250w, https:\/\/www.heropainting.eu\/wp-content\/uploads\/2020\/04\/funny-portrait-details-color-1-300x300.jpg 300w, https:\/\/www.heropainting.eu\/wp-content\/uploads\/2020\/04\/funny-portrait-details-color-1-150x150.jpg 150w, https:\/\/www.heropainting.eu\/wp-content\/uploads\/2020\/04\/funny-portrait-details-color-1-768x768.jpg 768w, https:\/\/www.heropainting.eu\/wp-content\/uploads\/2020\/04\/funny-portrait-details-color-1-600x600.jpg 600w, https:\/\/www.heropainting.eu\/wp-content\/uploads\/2020\/04\/funny-portrait-details-color-1-100x100.jpg 100w, https:\/\/www.heropainting.eu\/wp-content\/uploads\/2020\/04\/funny-portrait-details-color-1.jpg 1000w\" sizes=\"(max-width: 250px) 100vw, 250px\" \/>    \n        <\/div>\n    <!-- \/image-wrap -->\n    \n        <\/div>\n<!-- \/module image --><!-- module text -->\n<div  class=\"module module-text tb_8ukk225   \" data-lazy=\"1\">\n        <div  class=\"tb_text_wrap\">\n        <p class=\"p1\" style=\"text-align: center;\">Hi-Tech kvalita tla\u010de \u2013 na prv\u00fd poh\u013ead nerozozn\u00e1te rozdiel medzi origin\u00e1lom (v r\u00e1mci mo\u017enost\u00ed techniky)!<\/p>    <\/div>\n<\/div>\n<!-- \/module text -->        <\/div>\n                    <div  data-lazy=\"1\" class=\"module_column sub_column col3-1 tb_m7et225 last\">\n                    <!-- module text -->\n<div  class=\"module module-text tb_yiq5225   \" data-lazy=\"1\">\n        <div  class=\"tb_text_wrap\">\n        <h3 style=\"text-align: center;\">KVALITN\u00c9 R\u00c1MY<\/h3>    <\/div>\n<\/div>\n<!-- \/module text --><!-- module image -->\n<div  class=\"module module-image tb_vwwj225 image-center circle  tf_mw\" data-lazy=\"1\">\n        <div class=\"image-wrap tf_rel tf_mw\">\n            <img loading=\"lazy\" decoding=\"async\" src=\"https:\/\/www.heropainting.eu\/wp-content\/uploads\/2020\/04\/wood-frame-custom-funny-portrait-250x250.jpg\" width=\"250\" height=\"250\" class=\"wp-post-image wp-image-301\" title=\"wood-frame-custom-funny-portrait\" alt=\"wood-frame-custom-funny-portrait\" srcset=\"https:\/\/www.heropainting.eu\/wp-content\/uploads\/2020\/04\/wood-frame-custom-funny-portrait-250x250.jpg 250w, https:\/\/www.heropainting.eu\/wp-content\/uploads\/2020\/04\/wood-frame-custom-funny-portrait-300x300.jpg 300w, https:\/\/www.heropainting.eu\/wp-content\/uploads\/2020\/04\/wood-frame-custom-funny-portrait-150x150.jpg 150w, https:\/\/www.heropainting.eu\/wp-content\/uploads\/2020\/04\/wood-frame-custom-funny-portrait-768x768.jpg 768w, https:\/\/www.heropainting.eu\/wp-content\/uploads\/2020\/04\/wood-frame-custom-funny-portrait-600x600.jpg 600w, https:\/\/www.heropainting.eu\/wp-content\/uploads\/2020\/04\/wood-frame-custom-funny-portrait-100x100.jpg 100w, https:\/\/www.heropainting.eu\/wp-content\/uploads\/2020\/04\/wood-frame-custom-funny-portrait.jpg 1000w\" sizes=\"(max-width: 250px) 100vw, 250px\" \/>    \n        <\/div>\n    <!-- \/image-wrap -->\n    \n        <\/div>\n<!-- \/module image --><!-- module text -->\n<div  class=\"module module-text tb_d3uy225   \" data-lazy=\"1\">\n        <div  class=\"tb_text_wrap\">\n        <div class=\"mf-col-materials\">\n<div class=\"mf-col-mat-text\">\n<section id=\"mf-home-screen-materials\">\n<div class=\"mf-home-screen-materials-content\">\n<div class=\"mf-hsm-content-flex\">\n<div class=\"mf-hsm-content-flex-wrap\">\n<div class=\"mf-row\">\n<div class=\"mf-col-materials\">\n<div class=\"mf-col-mat-text\">\n<p class=\"p1\" style=\"text-align: center;\">Z\u00e1kladn\u00fd, modern\u00fd alebo vintage r\u00e1m pre prav\u00fd pocit umeleck\u00e9ho diela.<\/p>\n<\/div>\n<\/div>\n<\/div>\n<\/div>\n<\/div>\n<\/div>\n<\/section>\n<section id=\"mf-home-screen-contact\"><\/section>\n<\/div>\n<\/div>    <\/div>\n<\/div>\n<!-- \/module text -->        <\/div>\n                    <\/div>\n                <\/div>\n                        <\/div>\n        <\/div>\n        <\/div>\n<!--\/themify_builder_content-->","protected":false},"excerpt":{"rendered":"<p>Materi\u00e1ly a kvalita 100% BAVLNEN\u00c9 PL\u00c1TNO Obraz m\u00e1 \u0161trukt\u00faru ako v m\u00fazeu (graficky vytvoren\u00e1) \u00da\u017dASN\u00c9 FARBY Hi-Tech kvalita tla\u010de \u2013 na prv\u00fd poh\u013ead nerozozn\u00e1te rozdiel medzi origin\u00e1lom (v r\u00e1mci mo\u017enost\u00ed techniky)! KVALITN\u00c9 R\u00c1MY Z\u00e1kladn\u00fd, modern\u00fd alebo vintage r\u00e1m pre prav\u00fd pocit umeleck\u00e9ho diela.<\/p>\n","protected":false},"author":1,"featured_media":0,"parent":0,"menu_order":0,"comment_status":"closed","ping_status":"closed","template":"","meta":{"footnotes":""},"class_list":["post-974","page","type-page","status-publish","hentry","has-post-title","has-post-date","has-post-category","has-post-tag","has-post-comment","has-post-author",""],"builder_content":"<h2 style=\"text-align: center;\">Materi\u00e1ly a kvalita<\/h2>\n<h3 style=\"text-align: center;\">100% BAVLNEN\u00c9 PL\u00c1TNO<\/h3>\n<img src=\"https:\/\/www.heropainting.eu\/wp-content\/uploads\/2020\/04\/cotton-canvas-for-painting-detail-250x250.jpg\" width=\"250\" height=\"250\" title=\"cotton-canvas-for-painting-detail\" alt=\"cotton-canvas-for-painting-detail\" srcset=\"https:\/\/www.heropainting.eu\/wp-content\/uploads\/2020\/04\/cotton-canvas-for-painting-detail-250x250.jpg 250w, https:\/\/www.heropainting.eu\/wp-content\/uploads\/2020\/04\/cotton-canvas-for-painting-detail-300x300.jpg 300w, https:\/\/www.heropainting.eu\/wp-content\/uploads\/2020\/04\/cotton-canvas-for-painting-detail-150x150.jpg 150w, https:\/\/www.heropainting.eu\/wp-content\/uploads\/2020\/04\/cotton-canvas-for-painting-detail-100x100.jpg 100w, https:\/\/www.heropainting.eu\/wp-content\/uploads\/2020\/04\/cotton-canvas-for-painting-detail.jpg 500w\" sizes=\"(max-width: 250px) 100vw, 250px\" \/>\n<p style=\"text-align: center;\">Obraz m\u00e1 \u0161trukt\u00faru ako v m\u00fazeu (graficky vytvoren\u00e1)<\/p>\n<h3 style=\"text-align: center;\">\u00da\u017dASN\u00c9 FARBY<\/h3>\n<img src=\"https:\/\/www.heropainting.eu\/wp-content\/uploads\/2020\/04\/funny-portrait-details-color-1-250x250.jpg\" width=\"250\" height=\"250\" title=\"funny-portrait-details-color\" alt=\"funny-portrait-details-color\" srcset=\"https:\/\/www.heropainting.eu\/wp-content\/uploads\/2020\/04\/funny-portrait-details-color-1-250x250.jpg 250w, https:\/\/www.heropainting.eu\/wp-content\/uploads\/2020\/04\/funny-portrait-details-color-1-300x300.jpg 300w, https:\/\/www.heropainting.eu\/wp-content\/uploads\/2020\/04\/funny-portrait-details-color-1-150x150.jpg 150w, https:\/\/www.heropainting.eu\/wp-content\/uploads\/2020\/04\/funny-portrait-details-color-1-768x768.jpg 768w, https:\/\/www.heropainting.eu\/wp-content\/uploads\/2020\/04\/funny-portrait-details-color-1-600x600.jpg 600w, https:\/\/www.heropainting.eu\/wp-content\/uploads\/2020\/04\/funny-portrait-details-color-1-100x100.jpg 100w, https:\/\/www.heropainting.eu\/wp-content\/uploads\/2020\/04\/funny-portrait-details-color-1.jpg 1000w\" sizes=\"(max-width: 250px) 100vw, 250px\" \/>\n<p style=\"text-align: center;\">Hi-Tech kvalita tla\u010de \u2013 na prv\u00fd poh\u013ead nerozozn\u00e1te rozdiel medzi origin\u00e1lom (v r\u00e1mci mo\u017enost\u00ed techniky)!<\/p>\n<h3 style=\"text-align: center;\">KVALITN\u00c9 R\u00c1MY<\/h3>\n<img src=\"https:\/\/www.heropainting.eu\/wp-content\/uploads\/2020\/04\/wood-frame-custom-funny-portrait-250x250.jpg\" width=\"250\" height=\"250\" title=\"wood-frame-custom-funny-portrait\" alt=\"wood-frame-custom-funny-portrait\" srcset=\"https:\/\/www.heropainting.eu\/wp-content\/uploads\/2020\/04\/wood-frame-custom-funny-portrait-250x250.jpg 250w, https:\/\/www.heropainting.eu\/wp-content\/uploads\/2020\/04\/wood-frame-custom-funny-portrait-300x300.jpg 300w, https:\/\/www.heropainting.eu\/wp-content\/uploads\/2020\/04\/wood-frame-custom-funny-portrait-150x150.jpg 150w, https:\/\/www.heropainting.eu\/wp-content\/uploads\/2020\/04\/wood-frame-custom-funny-portrait-768x768.jpg 768w, https:\/\/www.heropainting.eu\/wp-content\/uploads\/2020\/04\/wood-frame-custom-funny-portrait-600x600.jpg 600w, https:\/\/www.heropainting.eu\/wp-content\/uploads\/2020\/04\/wood-frame-custom-funny-portrait-100x100.jpg 100w, https:\/\/www.heropainting.eu\/wp-content\/uploads\/2020\/04\/wood-frame-custom-funny-portrait.jpg 1000w\" sizes=\"(max-width: 250px) 100vw, 250px\" \/>\n<section id=\"mf-home-screen-materials\">\n<p style=\"text-align: center;\">Z\u00e1kladn\u00fd, modern\u00fd alebo vintage r\u00e1m pre prav\u00fd pocit umeleck\u00e9ho diela.<\/p>\n<\/section> <section id=\"mf-home-screen-contact\"><\/section>","_links":{"self":[{"href":"https:\/\/www.heropainting.eu\/sk\/wp-json\/wp\/v2\/pages\/974"}],"collection":[{"href":"https:\/\/www.heropainting.eu\/sk\/wp-json\/wp\/v2\/pages"}],"about":[{"href":"https:\/\/www.heropainting.eu\/sk\/wp-json\/wp\/v2\/types\/page"}],"author":[{"embeddable":true,"href":"https:\/\/www.heropainting.eu\/sk\/wp-json\/wp\/v2\/users\/1"}],"replies":[{"embeddable":true,"href":"https:\/\/www.heropainting.eu\/sk\/wp-json\/wp\/v2\/comments?post=974"}],"version-history":[{"count":0,"href":"https:\/\/www.heropainting.eu\/sk\/wp-json\/wp\/v2\/pages\/974\/revisions"}],"wp:attachment":[{"href":"https:\/\/www.heropainting.eu\/sk\/wp-json\/wp\/v2\/media?parent=974"}],"curies":[{"name":"wp","href":"https:\/\/api.w.org\/{rel}","templated":true}]}}