{"id":972,"date":"2020-04-04T10:42:14","date_gmt":"2020-04-04T08:42:14","guid":{"rendered":"https:\/\/www.heropainting.eu\/how-it-works\/"},"modified":"2020-11-30T20:33:50","modified_gmt":"2020-11-30T19:33:50","slug":"postup","status":"publish","type":"page","link":"https:\/\/www.heropainting.eu\/sk\/postup\/","title":{"rendered":"Postup"},"content":{"rendered":"<!--themify_builder_content-->\n<div id=\"themify_builder_content-972\" data-postid=\"972\" class=\"themify_builder_content themify_builder_content-972 themify_builder tf_clear\">\n                    <div  data-css_id=\"pfql163\" data-lazy=\"1\" class=\"module_row themify_builder_row fullwidth tb_pfql163 tb_first tf_w\">\n                        <div class=\"row_inner col_align_top tb_col_count_1 tf_box tf_rel\">\n                        <div  data-lazy=\"1\" class=\"module_column tb-column col-full tb_pahu165 first\">\n                    <!-- module text -->\n<div  class=\"module module-text tb_2itg165   \" data-lazy=\"1\">\n        <div  class=\"tb_text_wrap\">\n        <h2 style=\"text-align: center;\">Ako to funguje<\/h2>    <\/div>\n<\/div>\n<!-- \/module text -->        <div  data-lazy=\"1\" class=\"module_subrow themify_builder_sub_row tf_w col_align_top tb_col_count_4 tb_bmih166\">\n                <div  data-lazy=\"1\" class=\"module_column sub_column col4-1 tb_a8ld167 first\">\n                    <!-- module image -->\n<div  class=\"module module-image tb_7rn9167 image-center circle  tf_mw\" data-lazy=\"1\">\n        <div class=\"image-wrap tf_rel tf_mw\">\n            <img loading=\"lazy\" decoding=\"async\" src=\"https:\/\/www.heropainting.eu\/wp-content\/uploads\/2020\/04\/Napoleon-Bonaparte-Crossing-the-Alps-funny-portrait-gift-150x150.jpg\" width=\"150\" height=\"150\" class=\"wp-post-image wp-image-349\" title=\"Napoleon-Bonaparte-Crossing-the-Alps-funny-portrait-gift\" alt=\"Napoleon-Bonaparte-Crossing-the-Alps-funny-portrait-gift\" srcset=\"https:\/\/www.heropainting.eu\/wp-content\/uploads\/2020\/04\/Napoleon-Bonaparte-Crossing-the-Alps-funny-portrait-gift-150x150.jpg 150w, https:\/\/www.heropainting.eu\/wp-content\/uploads\/2020\/04\/Napoleon-Bonaparte-Crossing-the-Alps-funny-portrait-gift-300x300.jpg 300w, https:\/\/www.heropainting.eu\/wp-content\/uploads\/2020\/04\/Napoleon-Bonaparte-Crossing-the-Alps-funny-portrait-gift-600x600.jpg 600w, https:\/\/www.heropainting.eu\/wp-content\/uploads\/2020\/04\/Napoleon-Bonaparte-Crossing-the-Alps-funny-portrait-gift-100x100.jpg 100w, https:\/\/www.heropainting.eu\/wp-content\/uploads\/2020\/04\/Napoleon-Bonaparte-Crossing-the-Alps-funny-portrait-gift.jpg 720w\" sizes=\"(max-width: 150px) 100vw, 150px\" \/>    \n        <\/div>\n    <!-- \/image-wrap -->\n    \n        <\/div>\n<!-- \/module image --><!-- module text -->\n<div  class=\"module module-text tb_usdg168   \" data-lazy=\"1\">\n        <div  class=\"tb_text_wrap\">\n        <h3 class=\"p1\" style=\"text-align: center;\"><b>VYBER SI OBRAZ<\/b><\/h3>    <\/div>\n<\/div>\n<!-- \/module text --><!-- module text -->\n<div  class=\"module module-text tb_2dv5169   \" data-lazy=\"1\">\n        <div  class=\"tb_text_wrap\">\n        <div class=\"mf-col-materials\">\n<div class=\"mf-col-mat-text\">\n<p class=\"p1\" style=\"text-align: center;\">Nena\u0161iel si vhodn\u00fd obraz. Nap\u00ed\u0161 n\u00e1m a vyrob\u00edme ti obraz na mieru!<\/p>\n<\/div>\n<\/div>    <\/div>\n<\/div>\n<!-- \/module text -->        <\/div>\n                    <div  data-lazy=\"1\" class=\"module_column sub_column col4-1 tb_wi48170\">\n                    <!-- module image -->\n<div  class=\"module module-image tb_4e52171 image-center circle  tf_mw\" data-lazy=\"1\">\n        <div class=\"image-wrap tf_rel tf_mw\">\n            <img loading=\"lazy\" decoding=\"async\" src=\"https:\/\/www.heropainting.eu\/wp-content\/uploads\/2020\/05\/custom-portrait-gift-150x150.png\" width=\"150\" height=\"150\" class=\"wp-post-image wp-image-883\" title=\"custom-portrait-gift\" alt=\"custom-portrait-gift\" srcset=\"https:\/\/www.heropainting.eu\/wp-content\/uploads\/2020\/05\/custom-portrait-gift-150x150.png 150w, https:\/\/www.heropainting.eu\/wp-content\/uploads\/2020\/05\/custom-portrait-gift-300x300.png 300w, https:\/\/www.heropainting.eu\/wp-content\/uploads\/2020\/05\/custom-portrait-gift-100x100.png 100w, https:\/\/www.heropainting.eu\/wp-content\/uploads\/2020\/05\/custom-portrait-gift.png 400w\" sizes=\"(max-width: 150px) 100vw, 150px\" \/>    \n        <\/div>\n    <!-- \/image-wrap -->\n    \n        <\/div>\n<!-- \/module image --><!-- module text -->\n<div  class=\"module module-text tb_nac9171   \" data-lazy=\"1\">\n        <div  class=\"tb_text_wrap\">\n        <h3 class=\"p1\" style=\"text-align: center;\"><b>NAHRAJ FOTKU<\/b><\/h3>    <\/div>\n<\/div>\n<!-- \/module text --><!-- module text -->\n<div  class=\"module module-text tb_8728172   \" data-lazy=\"1\">\n        <div  class=\"tb_text_wrap\">\n        <div class=\"mf-col-materials\">\n<div class=\"mf-col-mat-text\">\n<div class=\"mf-col-materials\">\n<div class=\"mf-col-mat-text\">\n<p class=\"p1\" style=\"text-align: center;\">Vyber fotku seba, kamo\u0161a, rodiny, alebo 4 noh\u00e9ho mil\u00e1\u010dika a nahraj pri produkte !<\/p>\n<p style=\"text-align: center;\"><strong><a href=\"https:\/\/www.heropainting.eu\/sk\/specifikacia-fotiek\">\u0160PECIFIK\u00c1CIA FOTIEK<\/a><\/strong><\/p>\n<p style=\"text-align: center;\">\u00a0<\/p>\n<\/div>\n<\/div>\n<\/div>\n<\/div>    <\/div>\n<\/div>\n<!-- \/module text -->        <\/div>\n                    <div  data-lazy=\"1\" class=\"module_column sub_column col4-1 tb_9beu172\">\n                    <!-- module image -->\n<div  class=\"module module-image tb_z9fz173 image-center circle  tf_mw\" data-lazy=\"1\">\n        <div class=\"image-wrap tf_rel tf_mw\">\n            <img loading=\"lazy\" decoding=\"async\" src=\"https:\/\/www.heropainting.eu\/wp-content\/uploads\/2020\/04\/funny-portrait-details-color-1-150x150.jpg\" width=\"150\" height=\"150\" class=\"wp-post-image wp-image-296\" title=\"funny-portrait-details-color\" alt=\"funny-portrait-details-color\" srcset=\"https:\/\/www.heropainting.eu\/wp-content\/uploads\/2020\/04\/funny-portrait-details-color-1-150x150.jpg 150w, https:\/\/www.heropainting.eu\/wp-content\/uploads\/2020\/04\/funny-portrait-details-color-1-300x300.jpg 300w, https:\/\/www.heropainting.eu\/wp-content\/uploads\/2020\/04\/funny-portrait-details-color-1-768x768.jpg 768w, https:\/\/www.heropainting.eu\/wp-content\/uploads\/2020\/04\/funny-portrait-details-color-1-600x600.jpg 600w, https:\/\/www.heropainting.eu\/wp-content\/uploads\/2020\/04\/funny-portrait-details-color-1-100x100.jpg 100w, https:\/\/www.heropainting.eu\/wp-content\/uploads\/2020\/04\/funny-portrait-details-color-1-250x250.jpg 250w, https:\/\/www.heropainting.eu\/wp-content\/uploads\/2020\/04\/funny-portrait-details-color-1.jpg 1000w\" sizes=\"(max-width: 150px) 100vw, 150px\" \/>    \n        <\/div>\n    <!-- \/image-wrap -->\n    \n        <\/div>\n<!-- \/module image --><!-- module text -->\n<div  class=\"module module-text tb_667k173   \" data-lazy=\"1\">\n        <div  class=\"tb_text_wrap\">\n        <h3 style=\"text-align: center;\"><strong>GRAFICK\u00dd UMELCI VYTVORIA<\/strong><\/h3>    <\/div>\n<\/div>\n<!-- \/module text --><!-- module text -->\n<div  class=\"module module-text tb_ka18174   \" data-lazy=\"1\">\n        <div  class=\"tb_text_wrap\">\n        <div class=\"mf-col-materials\">\n<div class=\"mf-col-mat-text\">\n<section id=\"mf-home-screen-materials\">\n<div class=\"mf-home-screen-materials-content\">\n<div class=\"mf-hsm-content-flex\">\n<div class=\"mf-hsm-content-flex-wrap\">\n<div class=\"mf-row\">\n<div class=\"mf-col-materials\">\n<div class=\"mf-col-mat-text\">\n<p class=\"p1\" style=\"text-align: center;\">Po odoslan\u00ed objedn\u00e1vky sa najlep\u0161\u00ed grafick\u00fd t\u00edm pust\u00ed do pr\u00edpravy tvojho obrazu. 2- 4 pracovn\u00e9 dni po objedn\u00e1vke dostane\u0161 n\u00e1h\u013ead na schv\u00e1lenie. Obraz uprav\u00edme k 100% spokojnosti a po\u0161leme kuri\u00e9rom.<\/p>\n<\/div>\n<\/div>\n<\/div>\n<\/div>\n<\/div>\n<\/div>\n<\/section>\n<section id=\"mf-home-screen-contact\"><\/section>\n<\/div>\n<\/div>    <\/div>\n<\/div>\n<!-- \/module text -->        <\/div>\n                    <div  data-lazy=\"1\" class=\"module_column sub_column col4-1 tb_vbhu174 last\">\n                    <!-- module text -->\n<div  class=\"module module-text tb_t7l7175   \" data-lazy=\"1\">\n        <div  class=\"tb_text_wrap\">\n        <p><iframe loading=\"lazy\" width=\"560\" height=\"160\" src=\"https:\/\/www.youtube.com\/embed\/5DHsg72KeOI\" frameborder=\"0\" allow=\"accelerometer; autoplay; encrypted-media; gyroscope; picture-in-picture\" allowfullscreen><\/iframe><\/p>\n    <\/div>\n<\/div>\n<!-- \/module text --><!-- module text -->\n<div  class=\"module module-text tb_vovz175   \" data-lazy=\"1\">\n        <div  class=\"tb_text_wrap\">\n        <h3 style=\"text-align: center;\"><strong>ZAVES NA STENU A OBDIVUJ<\/strong><\/h3>    <\/div>\n<\/div>\n<!-- \/module text --><!-- module text -->\n<div  class=\"module module-text tb_wzjh175   \" data-lazy=\"1\">\n        <div  class=\"tb_text_wrap\">\n        <div class=\"mf-col-materials\">\n<div class=\"mf-col-mat-text\">\n<section id=\"mf-home-screen-materials\">\n<div class=\"mf-home-screen-materials-content\">\n<div class=\"mf-hsm-content-flex\">\n<div class=\"mf-hsm-content-flex-wrap\">\n<div class=\"mf-row\">\n<div class=\"mf-col-materials\">\n<div class=\"mf-col-mat-text\">\n<p class=\"p1\" style=\"text-align: center;\">R\u00fdchle dodanie za\u00a0 5-10 pracovn\u00fdch dn\u00ed od chv\u00e1lenia fin\u00e1lnej verzie. Potom u\u017e len zavesi\u0165 na stenu a zavola\u0165 v\u0161etk\u00fdch zn\u00e1mych nech \u017easn\u00fa.<\/p>\n<\/div>\n<\/div>\n<\/div>\n<\/div>\n<\/div>\n<\/div>\n<\/section>\n<section id=\"mf-home-screen-contact\"><\/section>\n<\/div>\n<\/div>    <\/div>\n<\/div>\n<!-- \/module text -->        <\/div>\n                    <\/div>\n                <\/div>\n                        <\/div>\n        <\/div>\n        <\/div>\n<!--\/themify_builder_content-->","protected":false},"excerpt":{"rendered":"<p>Ako to funguje VYBER SI OBRAZ Nena\u0161iel si vhodn\u00fd obraz. Nap\u00ed\u0161 n\u00e1m a vyrob\u00edme ti obraz na mieru! NAHRAJ FOTKU Vyber fotku seba, kamo\u0161a, rodiny, alebo 4 noh\u00e9ho mil\u00e1\u010dika a nahraj pri produkte ! \u0160PECIFIK\u00c1CIA FOTIEK \u00a0 GRAFICK\u00dd UMELCI VYTVORIA Po odoslan\u00ed objedn\u00e1vky sa najlep\u0161\u00ed grafick\u00fd t\u00edm pust\u00ed do pr\u00edpravy tvojho obrazu. 2- 4 pracovn\u00e9 [&hellip;]<\/p>\n","protected":false},"author":1,"featured_media":0,"parent":0,"menu_order":0,"comment_status":"closed","ping_status":"closed","template":"","meta":{"footnotes":""},"class_list":["post-972","page","type-page","status-publish","hentry","has-post-title","has-post-date","has-post-category","has-post-tag","has-post-comment","has-post-author",""],"builder_content":"<h2 style=\"text-align: center;\">Ako to funguje<\/h2>\n<img src=\"https:\/\/www.heropainting.eu\/wp-content\/uploads\/2020\/04\/Napoleon-Bonaparte-Crossing-the-Alps-funny-portrait-gift-150x150.jpg\" width=\"150\" height=\"150\" title=\"Napoleon-Bonaparte-Crossing-the-Alps-funny-portrait-gift\" alt=\"Napoleon-Bonaparte-Crossing-the-Alps-funny-portrait-gift\" srcset=\"https:\/\/www.heropainting.eu\/wp-content\/uploads\/2020\/04\/Napoleon-Bonaparte-Crossing-the-Alps-funny-portrait-gift-150x150.jpg 150w, https:\/\/www.heropainting.eu\/wp-content\/uploads\/2020\/04\/Napoleon-Bonaparte-Crossing-the-Alps-funny-portrait-gift-300x300.jpg 300w, https:\/\/www.heropainting.eu\/wp-content\/uploads\/2020\/04\/Napoleon-Bonaparte-Crossing-the-Alps-funny-portrait-gift-600x600.jpg 600w, https:\/\/www.heropainting.eu\/wp-content\/uploads\/2020\/04\/Napoleon-Bonaparte-Crossing-the-Alps-funny-portrait-gift-100x100.jpg 100w, https:\/\/www.heropainting.eu\/wp-content\/uploads\/2020\/04\/Napoleon-Bonaparte-Crossing-the-Alps-funny-portrait-gift.jpg 720w\" sizes=\"(max-width: 150px) 100vw, 150px\" \/>\n<h3 style=\"text-align: center;\"><b>VYBER SI OBRAZ<\/b><\/h3>\n<p style=\"text-align: center;\">Nena\u0161iel si vhodn\u00fd obraz. Nap\u00ed\u0161 n\u00e1m a vyrob\u00edme ti obraz na mieru!<\/p>\n<img src=\"https:\/\/www.heropainting.eu\/wp-content\/uploads\/2020\/05\/custom-portrait-gift-150x150.png\" width=\"150\" height=\"150\" title=\"custom-portrait-gift\" alt=\"custom-portrait-gift\" srcset=\"https:\/\/www.heropainting.eu\/wp-content\/uploads\/2020\/05\/custom-portrait-gift-150x150.png 150w, https:\/\/www.heropainting.eu\/wp-content\/uploads\/2020\/05\/custom-portrait-gift-300x300.png 300w, https:\/\/www.heropainting.eu\/wp-content\/uploads\/2020\/05\/custom-portrait-gift-100x100.png 100w, https:\/\/www.heropainting.eu\/wp-content\/uploads\/2020\/05\/custom-portrait-gift.png 400w\" sizes=\"(max-width: 150px) 100vw, 150px\" \/>\n<h3 style=\"text-align: center;\"><b>NAHRAJ FOTKU<\/b><\/h3>\n<p style=\"text-align: center;\">Vyber fotku seba, kamo\u0161a, rodiny, alebo 4 noh\u00e9ho mil\u00e1\u010dika a nahraj pri produkte !<\/p> <p style=\"text-align: center;\"><strong><a href=\"https:\/\/www.heropainting.eu\/sk\/specifikacia-fotiek\">\u0160PECIFIK\u00c1CIA FOTIEK<\/a><\/strong><\/p> <p style=\"text-align: center;\">\u00a0<\/p>\n<img src=\"https:\/\/www.heropainting.eu\/wp-content\/uploads\/2020\/04\/funny-portrait-details-color-1-150x150.jpg\" width=\"150\" height=\"150\" title=\"funny-portrait-details-color\" alt=\"funny-portrait-details-color\" srcset=\"https:\/\/www.heropainting.eu\/wp-content\/uploads\/2020\/04\/funny-portrait-details-color-1-150x150.jpg 150w, https:\/\/www.heropainting.eu\/wp-content\/uploads\/2020\/04\/funny-portrait-details-color-1-300x300.jpg 300w, https:\/\/www.heropainting.eu\/wp-content\/uploads\/2020\/04\/funny-portrait-details-color-1-768x768.jpg 768w, https:\/\/www.heropainting.eu\/wp-content\/uploads\/2020\/04\/funny-portrait-details-color-1-600x600.jpg 600w, https:\/\/www.heropainting.eu\/wp-content\/uploads\/2020\/04\/funny-portrait-details-color-1-100x100.jpg 100w, https:\/\/www.heropainting.eu\/wp-content\/uploads\/2020\/04\/funny-portrait-details-color-1-250x250.jpg 250w, https:\/\/www.heropainting.eu\/wp-content\/uploads\/2020\/04\/funny-portrait-details-color-1.jpg 1000w\" sizes=\"(max-width: 150px) 100vw, 150px\" \/>\n<h3 style=\"text-align: center;\"><strong>GRAFICK\u00dd UMELCI VYTVORIA<\/strong><\/h3>\n<section id=\"mf-home-screen-materials\">\n<p style=\"text-align: center;\">Po odoslan\u00ed objedn\u00e1vky sa najlep\u0161\u00ed grafick\u00fd t\u00edm pust\u00ed do pr\u00edpravy tvojho obrazu. 2- 4 pracovn\u00e9 dni po objedn\u00e1vke dostane\u0161 n\u00e1h\u013ead na schv\u00e1lenie. Obraz uprav\u00edme k 100% spokojnosti a po\u0161leme kuri\u00e9rom.<\/p>\n<\/section> <section id=\"mf-home-screen-contact\"><\/section>\n<p><iframe loading=\"lazy\" width=\"560\" height=\"160\" src=\"https:\/\/www.youtube.com\/embed\/5DHsg72KeOI\" frameborder=\"0\" allow=\"accelerometer; autoplay; encrypted-media; gyroscope; picture-in-picture\" allowfullscreen><\/iframe><\/p>\n<h3 style=\"text-align: center;\"><strong>ZAVES NA STENU A OBDIVUJ<\/strong><\/h3>\n<section id=\"mf-home-screen-materials\">\n<p style=\"text-align: center;\">R\u00fdchle dodanie za\u00a0 5-10 pracovn\u00fdch dn\u00ed od chv\u00e1lenia fin\u00e1lnej verzie. Potom u\u017e len zavesi\u0165 na stenu a zavola\u0165 v\u0161etk\u00fdch zn\u00e1mych nech \u017easn\u00fa.<\/p>\n<\/section> <section id=\"mf-home-screen-contact\"><\/section>","_links":{"self":[{"href":"https:\/\/www.heropainting.eu\/sk\/wp-json\/wp\/v2\/pages\/972"}],"collection":[{"href":"https:\/\/www.heropainting.eu\/sk\/wp-json\/wp\/v2\/pages"}],"about":[{"href":"https:\/\/www.heropainting.eu\/sk\/wp-json\/wp\/v2\/types\/page"}],"author":[{"embeddable":true,"href":"https:\/\/www.heropainting.eu\/sk\/wp-json\/wp\/v2\/users\/1"}],"replies":[{"embeddable":true,"href":"https:\/\/www.heropainting.eu\/sk\/wp-json\/wp\/v2\/comments?post=972"}],"version-history":[{"count":0,"href":"https:\/\/www.heropainting.eu\/sk\/wp-json\/wp\/v2\/pages\/972\/revisions"}],"wp:attachment":[{"href":"https:\/\/www.heropainting.eu\/sk\/wp-json\/wp\/v2\/media?parent=972"}],"curies":[{"name":"wp","href":"https:\/\/api.w.org\/{rel}","templated":true}]}}