{"id":969,"date":"2020-04-26T11:54:57","date_gmt":"2020-04-26T09:54:57","guid":{"rendered":"https:\/\/www.heropainting.eu\/copyright\/"},"modified":"2020-11-26T21:34:49","modified_gmt":"2020-11-26T20:34:49","slug":"copyright","status":"publish","type":"page","link":"https:\/\/www.heropainting.eu\/sk\/copyright\/","title":{"rendered":"Copyright"},"content":{"rendered":"<!--themify_builder_content-->\n<div id=\"themify_builder_content-969\" data-postid=\"969\" class=\"themify_builder_content themify_builder_content-969 themify_builder tf_clear\">\n                    <div  data-lazy=\"1\" class=\"module_row themify_builder_row tb_ub0p990 tb_first tf_w\">\n                        <div class=\"row_inner col_align_top tb_col_count_2 tf_box tf_rel\">\n                        <div  data-lazy=\"1\" class=\"module_column tb-column col3-2 tb_23kv991 first\">\n                            <\/div>\n                    <div  data-lazy=\"1\" class=\"module_column tb-column col3-1 tb_6d79994 last\">\n                            <\/div>\n                        <\/div>\n        <\/div>\n                        <div  data-css_id=\"uag5248\" data-lazy=\"1\" class=\"module_row themify_builder_row fullwidth tb_uag5248 tf_w\">\n                        <div class=\"row_inner gutter-none col_align_top tb_col_count_3 tf_box tf_rel\">\n                        <div  data-lazy=\"1\" class=\"module_column tb-column col4-1 tb_zu4b249 first\">\n                            <\/div>\n                    <div  data-lazy=\"1\" class=\"module_column tb-column col4-2 tb_rjgt719\">\n                    <!-- module image -->\n<div  class=\"module module-image tb_3mn390 image-center   tf_mw\" data-lazy=\"1\">\n        <div class=\"image-wrap tf_rel tf_mw\">\n            <img loading=\"lazy\" decoding=\"async\" width=\"96\" height=\"96\" src=\"https:\/\/www.heropainting.eu\/wp-content\/uploads\/2020\/05\/licence-image-custom.png\" class=\"wp-post-image wp-image-762\" title=\"licence-image-custom\" alt=\"licence-image-custom\">    \n        <\/div>\n    <!-- \/image-wrap -->\n    \n        <\/div>\n<!-- \/module image --><!-- module text -->\n<div  class=\"module module-text tb_c878661   \" data-lazy=\"1\">\n        <div  class=\"tb_text_wrap\">\n        <header class=\"header\">\n<div class=\"inner\">\n<h1 class=\"headline\" style=\"text-align: center;\">CopyRight &#8211; autorsk\u00e9 pr\u00e1va k grafike na obrazoch<\/h1>\n<p>Pou\u017e\u00edvame len grafiky obrazov, ktor\u00e9 s\u00fa <strong>verejn\u00fdm vlastn\u00edctvom<\/strong><strong>. <\/strong>Podmienkou verejn\u00e9ho vlastn\u00edctva je, \u017ee autor p\u00f4vodn\u00e9ho obrazu zomrel pred viac ako 100 rokmi (pred rokom 1920). Preto je vyhotovenie obrazov na str\u00e1nke HeroPainting.eu leg\u00e1lne pod\u013ea z\u00e1kona.<\/p>\n<\/div>\n<\/header>    <\/div>\n<\/div>\n<!-- \/module text --><!-- module buttons -->\n<div  class=\"module module-buttons tb_4dvx342 buttons-horizontal outline  rounded\" data-lazy=\"1\">\n        <div class=\"module-buttons-item tf_in_flx\">\n                        <a href=\"https:\/\/www.heropainting.eu\/sk\/obrazy\/\" class=\"ui builder_button tf_in_flx transparent\" >\n                                                kupuj obrazy                                        <\/a>\n                <\/div>\n            <\/div>\n<!-- \/module buttons -->\n        <\/div>\n                    <div  data-lazy=\"1\" class=\"module_column tb-column col4-1 tb_4yfm719 last\">\n                            <\/div>\n                        <\/div>\n        <\/div>\n                        <div  data-css_id=\"6hwm952\" data-lazy=\"1\" class=\"module_row themify_builder_row fullwidth tb_6hwm952 tf_w\">\n                        <div class=\"row_inner col_align_top tb_col_count_1 tf_box tf_rel\">\n                        <div  data-lazy=\"1\" class=\"module_column tb-column col-full tb_mdj5953 first\">\n                    <!-- module text -->\n<div  class=\"module module-text tb_vodt165   \" data-lazy=\"1\">\n        <div  class=\"tb_text_wrap\">\n        \n            <div \n                class=\"elfsight-widget-instagram-feed elfsight-widget\" \n                data-elfsight-instagram-feed-options=\"%7B%22sourceType%22%3A%22businessAccount%22%2C%22apiChangesMessage%22%3Anull%2C%22source%22%3A%5B%22https%3A%5C%2F%5C%2Fwww.instagram.com%5C%2Fhero.painting%5C%2F%22%5D%2C%22personalAccessToken%22%3A%22%22%2C%22businessAccessToken%22%3A%22ec82ae94-dc06-464f-961f-ae733883d640%22%2C%22businessAccount%22%3A%7B%22name%22%3A%22heropainting%22%2C%22value%22%3A%2217841434535647256%22%2C%22username%22%3A%22hero.painting%22%2C%22profile_picture_url%22%3A%22https%3A%5C%2F%5C%2Fscontent.fbts3-1.fna.fbcdn.net%5C%2Fv%5C%2Ft51.2885-15%5C%2F96108952_655470355301258_2882363148029919232_n.jpg%3F_nc_cat%3D106%26ccb%3D2%26_nc_sid%3D86c713%26_nc_ohc%3DfhdrFLo-ggwAX97u3BN%26_nc_ht%3Dscontent.fbts3-1.fna%26oh%3D0d774f9ee5eab9b52a242fc02d307ef6%26oe%3D5FE2963E%22%7D%2C%22businessHashtag%22%3A%22%23eiffeltower%22%2C%22filterOnly%22%3A%5B%5D%2C%22filterExcept%22%3A%5B%5D%2C%22limit%22%3A0%2C%22order%22%3A%22date%22%2C%22layout%22%3A%22slider%22%2C%22postTemplate%22%3A%22tile%22%2C%22columns%22%3A4%2C%22rows%22%3A2%2C%22gutter%22%3A0%2C%22responsive%22%3A%5B%7B%22minWidth%22%3A375%2C%22columns%22%3A1%2C%22rows%22%3A1%2C%22gutter%22%3A%220%22%7D%2C%7B%22minWidth%22%3A768%2C%22columns%22%3A3%2C%22rows%22%3A2%2C%22gutter%22%3A%220%22%7D%5D%2C%22width%22%3A%22auto%22%2C%22callToActionButtons%22%3A%5B%5D%2C%22postElements%22%3A%5B%22user%22%2C%22date%22%2C%22instagramLink%22%2C%22likesCount%22%2C%22commentsCount%22%2C%22share%22%2C%22text%22%5D%2C%22popupElements%22%3A%5B%22user%22%2C%22location%22%2C%22followButton%22%2C%22instagramLink%22%2C%22likesCount%22%2C%22share%22%2C%22text%22%2C%22comments%22%2C%22date%22%5D%2C%22imageClickAction%22%3A%22popup%22%2C%22sliderArrows%22%3Atrue%2C%22sliderDrag%22%3Atrue%2C%22sliderSpeed%22%3A0.59999999999999997779553950749686919152736663818359375%2C%22sliderAutoplay%22%3A%22%22%2C%22colorScheme%22%3A%22default%22%2C%22colorPostOverlayBg%22%3A%22rgba%280%2C%200%2C%200%2C%200.8%29%22%2C%22colorPostOverlayText%22%3A%22rgb%28255%2C%20255%2C%20255%29%22%2C%22colorPostBg%22%3A%22rgb%28255%2C%20255%2C%20255%29%22%2C%22colorPostText%22%3A%22rgb%280%2C%200%2C%200%29%22%2C%22colorPostLinks%22%3A%22rgb%280%2C%2053%2C%20107%29%22%2C%22colorSliderArrows%22%3A%22rgb%28255%2C%20255%2C%20255%29%22%2C%22colorSliderArrowsBg%22%3A%22rgba%280%2C%200%2C%200%2C%200.9%29%22%2C%22colorGridLoadMoreButton%22%3A%22rgb%2856%2C%20151%2C%20240%29%22%2C%22colorPopupOverlay%22%3A%22rgba%2843%2C%2043%2C%2043%2C%200.9%29%22%2C%22colorPopupBg%22%3A%22rgb%28255%2C%20255%2C%20255%29%22%2C%22colorPopupText%22%3A%22rgb%280%2C%200%2C%200%29%22%2C%22colorPopupLinks%22%3A%22rgb%280%2C%2053%2C%20105%29%22%2C%22colorPopupFollowButton%22%3A%22rgb%2856%2C%20151%2C%20240%29%22%2C%22colorPopupCtaButton%22%3A%22rgb%2856%2C%20151%2C%20240%29%22%2C%22widgetTitle%22%3A%22%22%2C%22lang%22%3A%22en%22%2C%22apiUrl%22%3A%22https%3A%5C%2F%5C%2Fwww.heropainting.eu%5C%2Fsk%5C%2Fwp-json%5C%2Felfsight-instagram-feed%5C%2Fapi%22%2C%22apiProxyUrl%22%3A%22https%3A%5C%2F%5C%2Fwww.heropainting.eu%5C%2Fsk%5C%2Fwp-json%5C%2Felfsight-instagram-feed%22%2C%22widgetId%22%3A%221%22%7D\" \n                data-elfsight-instagram-feed-version=\"4.0.2\"\n                data-elfsight-widget-id=\"elfsight-instagram-feed-1\">\n            <\/div>\n                <\/div>\n<\/div>\n<!-- \/module text -->        <\/div>\n                        <\/div>\n        <\/div>\n        <\/div>\n<!--\/themify_builder_content-->","protected":false},"excerpt":{"rendered":"<p>CopyRight &#8211; autorsk\u00e9 pr\u00e1va k grafike na obrazoch Pou\u017e\u00edvame len grafiky obrazov, ktor\u00e9 s\u00fa verejn\u00fdm vlastn\u00edctvom. Podmienkou verejn\u00e9ho vlastn\u00edctva je, \u017ee autor p\u00f4vodn\u00e9ho obrazu zomrel pred viac ako 100 rokmi (pred rokom 1920). Preto je vyhotovenie obrazov na str\u00e1nke HeroPainting.eu leg\u00e1lne pod\u013ea z\u00e1kona. kupuj obrazy<\/p>\n","protected":false},"author":1,"featured_media":0,"parent":0,"menu_order":0,"comment_status":"closed","ping_status":"closed","template":"","meta":{"footnotes":""},"class_list":["post-969","page","type-page","status-publish","hentry","has-post-title","has-post-date","has-post-category","has-post-tag","has-post-comment","has-post-author",""],"builder_content":"<img src=\"https:\/\/www.heropainting.eu\/wp-content\/uploads\/2020\/05\/licence-image-custom.png\" title=\"licence-image-custom\" alt=\"licence-image-custom\">\n<header>\n<h1 style=\"text-align: center;\">CopyRight - autorsk\u00e9 pr\u00e1va k grafike na obrazoch<\/h1> <p>Pou\u017e\u00edvame len grafiky obrazov, ktor\u00e9 s\u00fa <strong>verejn\u00fdm vlastn\u00edctvom<\/strong><strong>. <\/strong>Podmienkou verejn\u00e9ho vlastn\u00edctva je, \u017ee autor p\u00f4vodn\u00e9ho obrazu zomrel pred viac ako 100 rokmi (pred rokom 1920). Preto je vyhotovenie obrazov na str\u00e1nke HeroPainting.eu leg\u00e1lne pod\u013ea z\u00e1kona.<\/p>\n<\/header>\n<a href=\"https:\/\/www.heropainting.eu\/sk\/obrazy\/\" > kupuj obrazy <\/a>\n<p>[elfsight_instagram_feed id=\"1\"]<\/p>","_links":{"self":[{"href":"https:\/\/www.heropainting.eu\/sk\/wp-json\/wp\/v2\/pages\/969"}],"collection":[{"href":"https:\/\/www.heropainting.eu\/sk\/wp-json\/wp\/v2\/pages"}],"about":[{"href":"https:\/\/www.heropainting.eu\/sk\/wp-json\/wp\/v2\/types\/page"}],"author":[{"embeddable":true,"href":"https:\/\/www.heropainting.eu\/sk\/wp-json\/wp\/v2\/users\/1"}],"replies":[{"embeddable":true,"href":"https:\/\/www.heropainting.eu\/sk\/wp-json\/wp\/v2\/comments?post=969"}],"version-history":[{"count":0,"href":"https:\/\/www.heropainting.eu\/sk\/wp-json\/wp\/v2\/pages\/969\/revisions"}],"wp:attachment":[{"href":"https:\/\/www.heropainting.eu\/sk\/wp-json\/wp\/v2\/media?parent=969"}],"curies":[{"name":"wp","href":"https:\/\/api.w.org\/{rel}","templated":true}]}}